{"id":3332,"date":"2021-06-28T10:50:02","date_gmt":"2021-06-28T14:50:02","guid":{"rendered":"https:\/\/champlaininsurance.com\/a-propos-du-courtage\/"},"modified":"2021-07-15T12:40:08","modified_gmt":"2021-07-15T16:40:08","slug":"a-propos-du-courtage","status":"publish","type":"page","link":"https:\/\/champlaininsurance.com\/fr\/a-propos-du-courtage\/","title":{"rendered":"\u00c0 propos du courtage"},"content":{"rendered":"\n<h3 class=\"wp-block-heading\">\u00c0 propos de Assurance Champlain<\/h3>\n\n<p>Assurance Champlain a \u00e9t\u00e9 fond\u00e9e en 1999. Linda Vernier offre des services professionnels dans la r\u00e9gion de Vankleek Hill et Hawkesbury.<\/p>\n","protected":false},"excerpt":{"rendered":"<p>\u00c0 propos de Assurance Champlain Assurance Champlain a \u00e9t\u00e9 fond\u00e9e en 1999. Linda Vernier offre des services professionnels dans la r\u00e9gion de Vankleek Hill et Hawkesbury.<\/p>\n","protected":false},"author":1,"featured_media":0,"parent":0,"menu_order":0,"comment_status":"closed","ping_status":"closed","template":"","meta":{"_et_pb_use_builder":"off","_et_pb_old_content":"","_et_gb_content_width":"","footnotes":""},"class_list":["post-3332","page","type-page","status-publish","hentry"],"_links":{"self":[{"href":"https:\/\/champlaininsurance.com\/fr\/wp-json\/wp\/v2\/pages\/3332","targetHints":{"allow":["GET"]}}],"collection":[{"href":"https:\/\/champlaininsurance.com\/fr\/wp-json\/wp\/v2\/pages"}],"about":[{"href":"https:\/\/champlaininsurance.com\/fr\/wp-json\/wp\/v2\/types\/page"}],"author":[{"embeddable":true,"href":"https:\/\/champlaininsurance.com\/fr\/wp-json\/wp\/v2\/users\/1"}],"replies":[{"embeddable":true,"href":"https:\/\/champlaininsurance.com\/fr\/wp-json\/wp\/v2\/comments?post=3332"}],"version-history":[{"count":2,"href":"https:\/\/champlaininsurance.com\/fr\/wp-json\/wp\/v2\/pages\/3332\/revisions"}],"predecessor-version":[{"id":3787,"href":"https:\/\/champlaininsurance.com\/fr\/wp-json\/wp\/v2\/pages\/3332\/revisions\/3787"}],"wp:attachment":[{"href":"https:\/\/champlaininsurance.com\/fr\/wp-json\/wp\/v2\/media?parent=3332"}],"curies":[{"name":"wp","href":"https:\/\/api.w.org\/{rel}","templated":true}]}}