{"id":3343,"date":"2021-06-28T11:42:30","date_gmt":"2021-06-28T15:42:30","guid":{"rendered":"https:\/\/champlaininsurance.com\/auto\/"},"modified":"2021-07-15T13:10:19","modified_gmt":"2021-07-15T17:10:19","slug":"voiture","status":"publish","type":"page","link":"https:\/\/champlaininsurance.com\/fr\/voiture\/","title":{"rendered":"Voiture"},"content":{"rendered":"\n<h2 class=\"wp-block-heading\">Soumissions d&rsquo;assurance auto en Ontario<\/h2>\n\n<h4 class=\"wp-block-heading\">Pensez \u00e0 l&rsquo;Assurance Champlain<\/h4>\n\n<p>Assurance Champlain vous couvre pour l&rsquo;assurance automobile. La souscription d&rsquo;une assurance automobile de qualit\u00e9 en Ontario devrait offrir la protection dont vous avez besoin pour votre v\u00e9hicule, vous et vos passagers. Avec Assurance Champlain, nos courtiers s&rsquo;efforcent d&rsquo;obtenir la meilleure couverture d&rsquo;assurance automobile pour votre v\u00e9hicule au juste prix. C&rsquo;est plus facile que vous ne le pensez! Si vous recherchez une assurance automobile, vous \u00eates au bon endroit. Commencez par remplir notre formulaire en ligne ou appelez pour un devis gratuit. Nous comparerons ensuite les devis d&rsquo;assurance automobile en votre nom afin de vous trouver la meilleure option pour vous. Notre \u00e9quipe sera l\u00e0 pour vous accompagner \u00e0 chaque \u00e9tape vers la tranquillit\u00e9 d&rsquo;esprit. Une assurance automobile en Ontario ax\u00e9e sur vos besoins.<\/p>\n\n<h4 class=\"wp-block-heading\">Qu&rsquo;est-ce que l&rsquo;assurance automobile?<\/h4>\n\n<p>L\u2019assurance automobile est votre moyen de couvrir les d\u00e9penses qui surviennent dans le cas o\u00f9 vous conduisez et que vous blessez quelqu&rsquo;un ou causez des dommages \u00e0 sa propri\u00e9t\u00e9. L&rsquo;assurance automobile peut \u00e9galement fournir une couverture si vous vous blessez et avez besoin de soins m\u00e9dicaux. Ce type d&rsquo;assurance est appel\u00e9 assurance responsabilit\u00e9 civile et est l\u00e9galement obligatoire si vous souhaitez conduire en Ontario. Il existe \u00e9galement des options de couverture suppl\u00e9mentaires, notamment une couverture suppl\u00e9mentaire pour les dommages caus\u00e9s \u00e0 votre v\u00e9hicule par une collision ou une protection contre le vol ou le vandalisme. Les types d&rsquo;options de couverture varient selon la compagnie d&rsquo;assurance et cela peut \u00eatre accablant. Les courtiers d&rsquo;assurance Champlain poss\u00e8dent l&rsquo;expertise n\u00e9cessaire pour comprendre vos besoins, expliquer vos options et vous faire des recommandations.<\/p>\n\n<h4 class=\"wp-block-heading\">Pourquoi ai-je besoin d&rsquo;une assurance auto?<\/h4>\n\n<p>L&rsquo;assurance automobile est l\u00e0 pour vous prot\u00e9ger, vous et votre entourage. Si vous blessez quelqu&rsquo;un dans son v\u00e9hicule, les frais m\u00e9dicaux de cette personne peuvent \u00eatre astronomiques! De plus, s&rsquo;ils ne peuvent pas travailler, ils peuvent ne pas avoir de source de revenu, laissant leurs personnes \u00e0 charge dans le besoin d&rsquo;un soutien financier. La majorit\u00e9 de la population ne dispose pas de centaines de milliers de dollars pour couvrir ces co\u00fbts. Votre assurance responsabilit\u00e9 civile automobile peut vous le fournir.<\/p>\n\n<p>De m\u00eame, si vous avez caus\u00e9 des dommages \u00e0 la voiture d\u2019une personne, ses r\u00e9parations ou son v\u00e9hicule de remplacement doivent \u00eatre couverts. Votre assurance automobile peut vous aider \u00e0 couvrir ces frais.<\/p>\n\n<p>En Ontario, il s&rsquo;agit du montant minimum de couverture requis dont vous avez besoin l\u00e9galement:&#13;\n<\/p>\n\n<ul class=\"wp-block-list\"><li>Couverture de responsabilit\u00e9<\/li><li>Indemnisation directe: couvre les dommages \u00e0 votre voiture en cas d&rsquo;accident sans faute<\/li><li>Couverture automobile non assur\u00e9e: couvre les frais m\u00e9dicaux et les dommages caus\u00e9s par un conducteur non assur\u00e9<\/li><li>Couverture des indemnit\u00e9s d&rsquo;accident: Couverture des frais m\u00e9dicaux et autres<\/li><\/ul>\n\n<p>Bien que l&rsquo;assurance automobile soit obligatoire, votre assurance peut vous recommander plusieurs options pour vous prot\u00e9ger. Parlez \u00e0 un courtier d&rsquo;assurance agr\u00e9\u00e9 chez Assurance Champlain qui sera en mesure de vous expliquer la couverture et de magasiner pour le meilleur prix.<\/p>\n\n<h4 class=\"wp-block-heading\">Qui doit souscrire une assurance automobile?<\/h4>\n\n<p>En Ontario, il est obligatoire d&rsquo;avoir une assurance automobile sur votre v\u00e9hicule. Bien qu&rsquo;il existe certaines exigences minimales, nos courtiers peuvent comparer l&rsquo;assurance automobile en votre nom pour trouver une assurance automobile bon march\u00e9 qui r\u00e9pond \u00e0 vos exigences de couverture.<\/p>\n\n<h4 class=\"wp-block-heading\">Quand dois-je souscrire une assurance auto?<\/h4>\n\n<p>\u00c0 partir du moment o\u00f9 vous avez re\u00e7u les cl\u00e9s de la voiture que vous appelez la v\u00f4tre, vous devriez avoir une assurance automobile. Ceci ind\u00e9pendamment de la fr\u00e9quence d&rsquo;utilisation, de votre kilom\u00e9trage ou m\u00eame si vous le faites simplement entreposer dans le garage. Si vous poss\u00e9dez une voiture, vous devez l&rsquo;assurer.<\/p>\n\n<h4 class=\"wp-block-heading\"><strong>Combien co\u00fbte l&rsquo;assurance?<\/strong><\/h4>\n\n<p>La prime d\u2019assurance de chacun refl\u00e8te sa situation unique. Lorsque nous calculons votre prime, nous tenons compte de nombreux facteurs. Cela comprend les taux de vol et de criminalit\u00e9 dans votre r\u00e9gion, \u00e0 quelle fr\u00e9quence et \u00e0 quelle distance vous conduirez, le type de voiture que vous conduirez et votre dossier de conduite. Certains facteurs pr\u00e9senteront un risque plus \u00e9lev\u00e9 de r\u00e9clamations, par exemple si vous vous trouvez dans une zone o\u00f9 le taux d&rsquo;accidents ou de vol est \u00e9lev\u00e9. S&rsquo;il y a un risque plus \u00e9lev\u00e9, cela augmentera vos primes. Ces facteurs peuvent \u00e9galement inclure des informations personnelles telles que depuis combien de temps vous conduisez.<\/p>\n\n<p><strong>Les sept principaux facteurs que les compagnies d&rsquo;assurance prennent en consid\u00e9ration lors du calcul de votre taux sont:<\/strong><\/p>\n\n<ul class=\"wp-block-list\"><li>Ta voiture<\/li><li>\u00c0 quelle fr\u00e9quence vous conduisez<\/li><li>Toute utilisation commerciale<\/li><li>Vos dossiers de conduite<\/li><li>O\u00f9 vous vivez<\/li><li>Le type de couverture<\/li><li>Remises de groupe pr\u00e9f\u00e9rentielles<\/li><\/ul>\n\n<p>Si vous recherchez une assurance automobile bon march\u00e9, il est important de vous assurer qu&rsquo;elle ne vient pas avec une couverture insuffisante. Souvent, vous pouvez obtenir une assurance automobile bon march\u00e9 si vous \u00eates pr\u00eat \u00e0 payer une franchise plus \u00e9lev\u00e9e, mais vous devez vous assurer de pouvoir couvrir ce montant en cas de sinistre. Votre courtier d&rsquo;assurance Champlain pourra discuter de ces options avec vous.<\/p>\n\n<h4 class=\"wp-block-heading\">Comment obtenir une assurance auto avec Assurance Champlain?<\/h4>\n\n<p>Vous pouvez commencer par remplir notre formulaire de soumission en ligne pour votre assurance avec Assurance Champlain. Nous ferons des emplettes diff\u00e9rentes compagnies d&rsquo;assurance automobile en votre nom pour trouver la compagnie d&rsquo;assurance la plus appropri\u00e9e offrant la couverture dont vous avez besoin au meilleur prix possible. Nous vous demanderons des informations sur vous, la voiture que vous allez conduire et votre dossier de conduite.<\/p>\n\n<p><strong>Voici quelques-unes des informations dont nous aurons besoin de votre part pour vous obtenir des devis d&rsquo;assurance auto:<\/strong><\/p>\n\n<ul class=\"wp-block-list\"><li>Votre nom, adresse, sexe et date de naissance<\/li><li>Depuis combien de temps vous conduisez<\/li><li>La marque, le mod\u00e8le et l&rsquo;ann\u00e9e de votre voiture<\/li><li>Que vous poss\u00e9diez ou louiez votre voiture<\/li><li>Combien d&rsquo;infractions figurent sur votre dossier de conduite<\/li><li>Combien de r\u00e9clamations vous avez re\u00e7ues<\/li><\/ul>\n\n<p>Contactez-nous d\u00e8s aujourd&rsquo;hui pour votre soumission d&rsquo;assurance auto sans engagement!<\/p>\n","protected":false},"excerpt":{"rendered":"<p>Soumissions d&rsquo;assurance auto en Ontario Pensez \u00e0 l&rsquo;Assurance Champlain Assurance Champlain vous couvre pour l&rsquo;assurance automobile. La souscription d&rsquo;une assurance automobile de qualit\u00e9 en Ontario devrait offrir la protection dont vous avez besoin pour votre v\u00e9hicule, vous et vos passagers. Avec Assurance Champlain, nos courtiers s&rsquo;efforcent d&rsquo;obtenir la meilleure couverture d&rsquo;assurance automobile pour votre v\u00e9hicule [&hellip;]<\/p>\n","protected":false},"author":1,"featured_media":0,"parent":0,"menu_order":0,"comment_status":"closed","ping_status":"closed","template":"","meta":{"_et_pb_use_builder":"","_et_pb_old_content":"","_et_gb_content_width":"","footnotes":""},"class_list":["post-3343","page","type-page","status-publish","hentry"],"_links":{"self":[{"href":"https:\/\/champlaininsurance.com\/fr\/wp-json\/wp\/v2\/pages\/3343","targetHints":{"allow":["GET"]}}],"collection":[{"href":"https:\/\/champlaininsurance.com\/fr\/wp-json\/wp\/v2\/pages"}],"about":[{"href":"https:\/\/champlaininsurance.com\/fr\/wp-json\/wp\/v2\/types\/page"}],"author":[{"embeddable":true,"href":"https:\/\/champlaininsurance.com\/fr\/wp-json\/wp\/v2\/users\/1"}],"replies":[{"embeddable":true,"href":"https:\/\/champlaininsurance.com\/fr\/wp-json\/wp\/v2\/comments?post=3343"}],"version-history":[{"count":7,"href":"https:\/\/champlaininsurance.com\/fr\/wp-json\/wp\/v2\/pages\/3343\/revisions"}],"predecessor-version":[{"id":3802,"href":"https:\/\/champlaininsurance.com\/fr\/wp-json\/wp\/v2\/pages\/3343\/revisions\/3802"}],"wp:attachment":[{"href":"https:\/\/champlaininsurance.com\/fr\/wp-json\/wp\/v2\/media?parent=3343"}],"curies":[{"name":"wp","href":"https:\/\/api.w.org\/{rel}","templated":true}]}}