{"id":3358,"date":"2021-06-28T12:31:30","date_gmt":"2021-06-28T16:31:30","guid":{"rendered":"https:\/\/champlaininsurance.com\/entreprise\/"},"modified":"2021-07-15T13:26:07","modified_gmt":"2021-07-15T17:26:07","slug":"entreprise","status":"publish","type":"page","link":"https:\/\/champlaininsurance.com\/fr\/entreprise\/","title":{"rendered":"Entreprise"},"content":{"rendered":"\n<h4 class=\"wp-block-heading\">Pensez aux courtiers d&rsquo;assurance Champlain inc.<\/h4>\n\n<p>Nous vous recommandons de toujours parler \u00e0 votre courtier Champlain Insurance pour v\u00e9rifier si une assurance commerciale est requise pour vous. Ne pas avoir de politique commerciale quand vous en avez besoin vous expose au risque.<\/p>\n\n<h4 class=\"wp-block-heading\">Quels types d&rsquo;assurance commerciale existe-t-il?<\/h4>\n\n<p>Poss\u00e9der et exploiter votre propre entreprise vous expose \u00e0 divers risques. Avoir la bonne assurance commerciale peut aider \u00e0 att\u00e9nuer les risques et \u00e0 \u00e9viter des pertes importantes r\u00e9sultant de circonstances impr\u00e9vues.<\/p>\n\n<p>L&rsquo;assurance responsabilit\u00e9 civile commerciale offre une protection \u00e0 votre entreprise contre les r\u00e9clamations pour blessures de tiers et dommages mat\u00e9riels qui surviennent dans vos locaux ou en raison des op\u00e9rations et des produits. Il peut \u00e9galement offrir une protection contre les frais de d\u00e9fense r\u00e9sultant de la responsabilit\u00e9 publicitaire et des dommages corporels.<\/p>\n\n<p>L&rsquo;assurance responsabilit\u00e9 professionnelle, \u00e9galement connue sous le nom d&rsquo;assurance erreurs et omissions (assurance E&amp;O), aide \u00e0 prot\u00e9ger les conseils professionnels et les prestataires de services des particuliers et des entreprises contre les co\u00fbts pouvant survenir en raison d&rsquo;erreurs ou d&rsquo;omissions.<\/p>\n\n<p>L&rsquo;assurance Dommages aux Entreprises prot\u00e8ge \u00e0 la fois les actifs physiques (b\u00e2timents, \u00e9quipements, contenu et stocks), ainsi que la couverture des pertes d&rsquo;exploitation. De plus, subir une perte pour votre entreprise peut entra\u00eener des temps d&rsquo;arr\u00eat. Vous devrez donc non seulement couvrir les co\u00fbts de votre perte, mais \u00e9galement la perte de revenus.<\/p>\n\n<p>L&rsquo;assurance des v\u00e9hicules commerciaux est con\u00e7ue pour couvrir toute utilisation commerciale de votre v\u00e9hicule. Si vous utilisez votre v\u00e9hicule pour les besoins de votre entreprise plut\u00f4t que pour vos besoins personnels, vous pourriez avoir besoin d&rsquo;une assurance v\u00e9hicule d&rsquo;entreprise pour votre automobile.<\/p>\n\n<h4 class=\"wp-block-heading\">Comment obtenir une assurance commerciale avec Assurance Champlain Insurance?<\/h4>\n\n<p>Avoir la politique la moins ch\u00e8re pour votre entreprise n&rsquo;est pas la sage d\u00e9cision. Nos courtiers Champlain Insurance prendront le temps de comprendre votre entreprise pour \u00eatre en mesure de garantir que vous \u00eates couvert en cas de sinistre. Cependant, nous prendrons le temps de magasiner votre assurance entreprise aupr\u00e8s de nos fournisseurs pour nous assurer que vous obtenez le meilleur taux pour votre couverture. Nos experts en assurance Champlain vous procureront une tranquillit\u00e9 d&rsquo;esprit en veillant \u00e0 ce que votre entreprise soit couverte. Nous travaillons pour vous et aiderons votre entreprise \u00e0 obtenir la couverture qui convient \u00e0 votre budget et \u00e0 vos besoins. Contactez-nous d\u00e8s aujourd&rsquo;hui pour un examen sans obligation de votre couverture d&rsquo;assurance actuelle. Faites confiance \u00e0 Assurance Champlain Assurance, nous travaillons pour vous.<\/p>\n","protected":false},"excerpt":{"rendered":"<p>Pensez aux courtiers d&rsquo;assurance Champlain inc. Nous vous recommandons de toujours parler \u00e0 votre courtier Champlain Insurance pour v\u00e9rifier si une assurance commerciale est requise pour vous. Ne pas avoir de politique commerciale quand vous en avez besoin vous expose au risque. Quels types d&rsquo;assurance commerciale existe-t-il? Poss\u00e9der et exploiter votre propre entreprise vous expose [&hellip;]<\/p>\n","protected":false},"author":1,"featured_media":0,"parent":0,"menu_order":0,"comment_status":"closed","ping_status":"closed","template":"","meta":{"_et_pb_use_builder":"","_et_pb_old_content":"","_et_gb_content_width":"","footnotes":""},"class_list":["post-3358","page","type-page","status-publish","hentry"],"_links":{"self":[{"href":"https:\/\/champlaininsurance.com\/fr\/wp-json\/wp\/v2\/pages\/3358","targetHints":{"allow":["GET"]}}],"collection":[{"href":"https:\/\/champlaininsurance.com\/fr\/wp-json\/wp\/v2\/pages"}],"about":[{"href":"https:\/\/champlaininsurance.com\/fr\/wp-json\/wp\/v2\/types\/page"}],"author":[{"embeddable":true,"href":"https:\/\/champlaininsurance.com\/fr\/wp-json\/wp\/v2\/users\/1"}],"replies":[{"embeddable":true,"href":"https:\/\/champlaininsurance.com\/fr\/wp-json\/wp\/v2\/comments?post=3358"}],"version-history":[{"count":7,"href":"https:\/\/champlaininsurance.com\/fr\/wp-json\/wp\/v2\/pages\/3358\/revisions"}],"predecessor-version":[{"id":3814,"href":"https:\/\/champlaininsurance.com\/fr\/wp-json\/wp\/v2\/pages\/3358\/revisions\/3814"}],"wp:attachment":[{"href":"https:\/\/champlaininsurance.com\/fr\/wp-json\/wp\/v2\/media?parent=3358"}],"curies":[{"name":"wp","href":"https:\/\/api.w.org\/{rel}","templated":true}]}}