{"id":3375,"date":"2021-06-28T14:57:30","date_gmt":"2021-06-28T18:57:30","guid":{"rendered":"https:\/\/champlaininsurance.com\/auto\/bateau\/"},"modified":"2021-07-15T13:14:49","modified_gmt":"2021-07-15T17:14:49","slug":"bateau","status":"publish","type":"page","link":"https:\/\/champlaininsurance.com\/fr\/voiture\/bateau\/","title":{"rendered":"Bateau"},"content":{"rendered":"\n<h2 class=\"wp-block-heading\">Devis d&rsquo;assurance bateau en Ontario<\/h2>\n\n<h4 class=\"wp-block-heading\">Pensez \u00e0 l&rsquo;assurance Champlain<\/h4>\n\n<p>L&rsquo;une des joies de la vie en Ontario est l&rsquo;abondance de lacs d&rsquo;eau douce parfaits pour la navigation de plaisance. Nous convenons qu&rsquo;il n&rsquo;y a rien de mieux que de passer du temps sur l&rsquo;eau pendant ces mois d&rsquo;\u00e9t\u00e9 plus chauds. Les courtiers d&rsquo;assurance Champlain comprennent \u00e0 quel point votre embarcation est importante pour vous et \u00e0 quel point une police d&rsquo;assurance bateau fiable est essentielle pour vous prot\u00e9ger contre les responsabilit\u00e9s impr\u00e9vues.<\/p>\n\n<p>Assurance Champlain a des ann\u00e9es d&rsquo;exp\u00e9rience en mati\u00e8re d&rsquo;assurance maritime pour les bateaux de tous types et de toutes tailles; de l&rsquo;assurance petit bateau aux croiseurs, voiliers, jet-skis, bateaux de p\u00eache, seadoos et bien plus encore! Nous veillerons \u00e0 ce que vous ayez la bonne protection au bon prix. Laissez-nous faire le travail pour vous afin que vous puissiez simplement vous concentrer sur votre temps sur l&rsquo;eau.<\/p>\n\n<h4 class=\"wp-block-heading\">Qu&rsquo;est-ce que l&rsquo;assurance bateau?<\/h4>\n\n<p><strong>L&rsquo;assurance bateau vous prot\u00e8ge pour un certain nombre de situations diff\u00e9rentes. Voici un r\u00e9sum\u00e9 des diff\u00e9rentes couvertures que couvriront la majorit\u00e9 des compagnies d&rsquo;assurance maritime:<\/strong><\/p>\n\n<ul class=\"wp-block-list\"><li><strong>Responsabilit\u00e9<\/strong> \u2013 si vous \u00eates impliqu\u00e9 dans un accident dont vous \u00eates responsable &#8211; cela offre une protection juridique. Cela peut inclure des blessures ou la mort d&rsquo;autres personnes ainsi que des dommages caus\u00e9s \u00e0 la propri\u00e9t\u00e9 d&rsquo;autrui<\/li><li><strong>Couverture de bateau non assur\u00e9e<\/strong> \u2013 de nombreux bateaux n&rsquo;ont pas d&rsquo;assurance maritime. Donc, si vous \u00eates impliqu\u00e9 dans un accident avec un bateau non assur\u00e9, cela vous fournira une couverture.<\/li><li><strong>Couverture m\u00e9dicale<\/strong> &#8211; couvre tous les frais m\u00e9dicaux si vous, vos passagers ou une autre personne \u00eates bless\u00e9.<\/li><li><strong>Services d&rsquo;urgence<\/strong> &#8211; si votre bateau tombe en panne ou doit \u00eatre remorqu\u00e9, votre assurance maritime couvre les frais.<\/li><li><strong>Couverture des risques<\/strong> \u2013 cela comprend les dommages caus\u00e9s par les intemp\u00e9ries, le vandalisme, le vol, l&rsquo;incendie, le naufrage ou la collision.<\/li><\/ul>\n\n<h4 class=\"wp-block-heading\">Pourquoi ai-je besoin d&rsquo;une assurance bateau?<\/h4>\n\n<p>L&rsquo;assurance bateau vous offre la tranquillit\u00e9 d&rsquo;esprit qu&rsquo;en cas de panne de votre bateau, vous b\u00e9n\u00e9ficierez d&rsquo;une couverture en cas d&rsquo;urgence sur les services d&rsquo;eau. De plus, en cas d&rsquo;accident, vous b\u00e9n\u00e9ficiez d&rsquo;une couverture pour la responsabilit\u00e9 civile, la couverture m\u00e9dicale, la couverture des risques et la couverture m\u00e9dicale en fonction de votre police.<\/p>\n\n<p><strong>Votre couverture peut \u00e9galement inclure:<\/strong><\/p>\n\n<ul class=\"wp-block-list\"><li>Remorquage de votre bateau vers la marina ou le centre de r\u00e9paration le plus proche en cas d&rsquo;urgence.<\/li><li>Livraison de carburant en cas de panne de carburant.<\/li><li>Couverture pour les travaux d&rsquo;urgence effectu\u00e9s sur place.<\/li><li>Bateau de location \u00e0 utiliser pendant la r\u00e9paration du v\u00f4tre.<\/li><\/ul>\n\n<p>Votre courtier en assurance bateau travaillera avec vous pour vous recommander le type de couverture qui conviendrait au type de bateau que vous poss\u00e9dez et \u00e0 votre utilisation.<\/p>\n\n<h4 class=\"wp-block-heading\">Qui doit souscrire une assurance bateau?<\/h4>\n\n<p>L&rsquo;assurance bateau n&rsquo;est pas obligatoire en Ontario, mais elle est fortement recommand\u00e9e. Cela \u00e9tant dit, il existe quelques cas o\u00f9 l&rsquo;assurance bateau est obligatoire. Un exemple est si vous cherchez \u00e0 amarrer votre bateau dans une marina. De nombreuses marinas exigeront que vous ayez un certain montant d&rsquo;assurance responsabilit\u00e9 civile. De plus, si vous financez un bateau, votre banque peut vous demander de souscrire une assurance bateau jusqu&rsquo;\u00e0 ce que vous ayez rembours\u00e9 le pr\u00eat.<\/p>\n\n<p>Pourtant, comme pour tout investissement, nous vous recommandons d&rsquo;avoir la couverture pour vous assurer d&rsquo;\u00eatre prot\u00e9g\u00e9 quoi qu&rsquo;il arrive. Pourriez-vous vous permettre de couvrir les frais m\u00e9dicaux d\u2019une personne si vous avez caus\u00e9 une blessure? Et si vous aviez caus\u00e9 des dommages mat\u00e9riels? Contactez votre courtier d&rsquo;assurance Champlain qui peut acheter la meilleure couverture au bon prix.<\/p>\n\n<h4 class=\"wp-block-heading\">Combien co\u00fbte l&rsquo;assurance?<\/h4>\n\n<p>Il n&rsquo;y a pas de prix unique pour la couverture d&rsquo;assurance maritime. Si vous recherchez une couverture d&rsquo;assurance bateau pas ch\u00e8re, nos courtiers en assurance magasineront avec notre r\u00e9seau d&rsquo;assurances partenaires pour vous trouver le bon prix. Cependant, ils examineront \u00e9galement la couverture et fourniront des recommandations s&rsquo;ils estiment que vous pourriez avoir besoin de plus de couverture dans certaines zones.<\/p>\n\n<p>Lors de la recherche d&rsquo;une soumission d&rsquo;assurance bateau, un certain nombre de facteurs influent sur la notation de votre bateau. Les tarifs de l&rsquo;assurance bateau varient en fonction de la taille et de la puissance du bateau. L&rsquo;assurance jet-ski va diff\u00e9rer consid\u00e9rablement de l&rsquo;assurance bateau-maison, par exemple. En outre, ils examineront l&rsquo;exp\u00e9rience de l&rsquo;op\u00e9rateur et la distance typique que vous parcourrez. Il y aura \u00e9galement une diff\u00e9rence de prix en fonction du montant de la couverture que vous d\u00e9sirez.<\/p>\n\n<p>Certains fournisseurs d&rsquo;assurance maritime offriront des rabais si vous avez des caract\u00e9ristiques de s\u00e9curit\u00e9 suppl\u00e9mentaires \u00e0 bord. Il s&rsquo;agit notamment des extincteurs, des d\u00e9tecteurs de fum\u00e9e et des radios. Vous pourrez peut-\u00eatre aussi combiner votre assurance bateau avec d&rsquo;autres polices comme une assurance habitation ou automobile pour obtenir plus de rabais.<\/p>\n\n<h4 class=\"wp-block-heading\">Comment obtenir une assurance bateau avec Assurance Champlain?<\/h4>\n\n<p>Les courtiers d\u2019Assurances Champlain s\u2019efforceront de faire de l\u2019achat de votre assurance bateau l\u2019exp\u00e9rience d\u2019achat d\u2019assurance la plus simple que vous ayez jamais eue. Contactez-nous par e-mail ou par t\u00e9l\u00e9phone ou remplissez notre formulaire pour obtenir des devis d&rsquo;assurance bateau en ligne. Nos courtiers prendront le temps de comprendre vos besoins, vous fourniront des conseils d&rsquo;experts sur la couverture dont vous avez vraiment besoin au meilleur prix possible.<\/p>\n","protected":false},"excerpt":{"rendered":"<p>Devis d&rsquo;assurance bateau en Ontario Pensez \u00e0 l&rsquo;assurance Champlain L&rsquo;une des joies de la vie en Ontario est l&rsquo;abondance de lacs d&rsquo;eau douce parfaits pour la navigation de plaisance. Nous convenons qu&rsquo;il n&rsquo;y a rien de mieux que de passer du temps sur l&rsquo;eau pendant ces mois d&rsquo;\u00e9t\u00e9 plus chauds. Les courtiers d&rsquo;assurance Champlain comprennent [&hellip;]<\/p>\n","protected":false},"author":1,"featured_media":0,"parent":3343,"menu_order":0,"comment_status":"closed","ping_status":"closed","template":"","meta":{"_et_pb_use_builder":"off","_et_pb_old_content":"","_et_gb_content_width":"","footnotes":""},"class_list":["post-3375","page","type-page","status-publish","hentry"],"_links":{"self":[{"href":"https:\/\/champlaininsurance.com\/fr\/wp-json\/wp\/v2\/pages\/3375","targetHints":{"allow":["GET"]}}],"collection":[{"href":"https:\/\/champlaininsurance.com\/fr\/wp-json\/wp\/v2\/pages"}],"about":[{"href":"https:\/\/champlaininsurance.com\/fr\/wp-json\/wp\/v2\/types\/page"}],"author":[{"embeddable":true,"href":"https:\/\/champlaininsurance.com\/fr\/wp-json\/wp\/v2\/users\/1"}],"replies":[{"embeddable":true,"href":"https:\/\/champlaininsurance.com\/fr\/wp-json\/wp\/v2\/comments?post=3375"}],"version-history":[{"count":6,"href":"https:\/\/champlaininsurance.com\/fr\/wp-json\/wp\/v2\/pages\/3375\/revisions"}],"predecessor-version":[{"id":3804,"href":"https:\/\/champlaininsurance.com\/fr\/wp-json\/wp\/v2\/pages\/3375\/revisions\/3804"}],"up":[{"embeddable":true,"href":"https:\/\/champlaininsurance.com\/fr\/wp-json\/wp\/v2\/pages\/3343"}],"wp:attachment":[{"href":"https:\/\/champlaininsurance.com\/fr\/wp-json\/wp\/v2\/media?parent=3375"}],"curies":[{"name":"wp","href":"https:\/\/api.w.org\/{rel}","templated":true}]}}