{"id":3390,"date":"2021-06-28T15:57:46","date_gmt":"2021-06-28T19:57:46","guid":{"rendered":"https:\/\/champlaininsurance.com\/voiture\/vr-camping-car\/"},"modified":"2021-07-15T13:23:33","modified_gmt":"2021-07-15T17:23:33","slug":"vr-camping-car","status":"publish","type":"page","link":"https:\/\/champlaininsurance.com\/fr\/voiture\/vr-camping-car\/","title":{"rendered":"VR\/Camping-car"},"content":{"rendered":"\n<h2 class=\"wp-block-heading\">Devis d&rsquo;assurance VR en Ontario<\/h2>\n\n<h4 class=\"wp-block-heading\">Pensez \u00e0 l&rsquo;Assurance Champlain<\/h4>\n\n<p>Nous savons que l&rsquo;Ontario poss\u00e8de certaines des meilleures destinations de voyage en VR et en camping-car au monde. Si votre id\u00e9e de vacances parfaites est un voyage dans votre VR, les courtiers Assurance Champlain peuvent vous offrir une couverture d&rsquo;assurance camping-car tranquillit\u00e9 d&rsquo;esprit pour vous donner la libert\u00e9 de voyager!<\/p>\n\n<p>Choisissez un courtier d&rsquo;assurance qui comprend vos besoins, que vous soyez propri\u00e9taire d&rsquo;un camping-car, d&rsquo;une sellette d&rsquo;attelage, d&rsquo;une caravane, d&rsquo;une tente-roulotte, d&rsquo;un camping-car ou d&rsquo;un mod\u00e8le de parc. Nos courtiers en assurance prendront le temps de comprendre vos besoins et de vous offrir une couverture qui vous convient parfaitement.<\/p>\n\n<h4 class=\"wp-block-heading\">Qu&rsquo;est-ce que l&rsquo;assurance camping-car ou assurance VR?<\/h4>\n\n<p>L&rsquo;assurance VR doit \u00eatre adapt\u00e9e aux besoins uniques de l&rsquo;utilisation du v\u00e9hicule. Tomber entre la maison et l&rsquo;automobile, il peut parfois \u00eatre d\u00e9routant de savoir comment assurer son camping-car. Votre camping-car est essentiellement cela, une maison sur roues!<\/p>\n\n<p>Il existe plusieurs types de v\u00e9hicules r\u00e9cr\u00e9atifs dans lesquels les camping-cars peuvent tomber et vous envisagez donc peut-\u00eatre une assurance camping-car ou une assurance pour les conversions de bus. Le choix d&rsquo;un courtier d&rsquo;Assurance Champlain vous assurera de disposer des informations n\u00e9cessaires pour faire un choix \u00e9clair\u00e9 lors de l&rsquo;achat de votre assurance VR.<\/p>\n\n<p>Il existe diverses responsabilit\u00e9s propres \u00e0 un VR. \u00c0 l&rsquo;instar de votre police d&rsquo;assurance automobile ordinaire, vous aurez besoin d&rsquo;une assurance pour vous prot\u00e9ger en cas d&rsquo;accident malheureux. Cependant, il existe d&rsquo;autres circonstances qui peuvent changer le type d&rsquo;assurance VR dont vous avez besoin. Par exemple, conduisez-vous le camping-car lui-m\u00eame ou le remorquez-vous? Est-ce votre maison toute l&rsquo;ann\u00e9e ou l&rsquo;utilisez-vous simplement pour les vacances?<\/p>\n\n<p>Semblable \u00e0 l&rsquo;assurance habitation traditionnelle, vous voudrez peut-\u00eatre \u00e9galement avoir une couverture pour le contenu \u00e0 l&rsquo;int\u00e9rieur du VR comme vous le feriez avec une assurance habitation traditionnelle. Certaines polices d&rsquo;assurance couvriront cela en standard, mais pour d&rsquo;autres, vous pouvez vous attendre \u00e0 payer une prime suppl\u00e9mentaire.<\/p>\n\n<p><strong>Il existe de nombreuses couvertures sp\u00e9cialis\u00e9es uniques que vous voudrez peut-\u00eatre examiner pour votre assurance VR, notamment:<\/strong><\/p>\n\n<ul class=\"wp-block-list\"><li>Remplacement total de la perte qui est recommand\u00e9 si vous vivez dans votre camping-car toute l&rsquo;ann\u00e9e.<\/li><li>Co\u00fbt de remplacement des effets personnels<\/li><li>Responsabilit\u00e9 \u00e0 temps plein<\/li><li>Responsabilit\u00e9 du camping<\/li><li>D\u00e9penses d&rsquo;urgence<\/li><li>Limites de responsabilit\u00e9 plus \u00e9lev\u00e9es<\/li><li>D\u00e9panneuses \u00e0 usage moyen<\/li><\/ul>\n\n<h4 class=\"wp-block-heading\">Pourquoi ai-je besoin d&rsquo;une assurance VR?<\/h4>\n\n<p>L&rsquo;assurance VR est comme toute autre assurance, vous att\u00e9nuez vos risques pour vous prot\u00e9ger en cas d&rsquo;accident. Pour un v\u00e9hicule r\u00e9cr\u00e9atif ou un camping-car, vous devez souscrire une police de responsabilit\u00e9 automobile, car vous pouvez l&rsquo;utiliser comme un v\u00e9hicule de mani\u00e8re ind\u00e9pendante.<\/p>\n\n<p>Cependant, il existe des risques uniques associ\u00e9s \u00e0 un VR. Votre VR est un investissement important allant de 30 000 $ \u00e0 plus de 200 000 $ pour un nouveau camping-car. Vous voulez donc vous assurer de pouvoir r\u00e9cup\u00e9rer les co\u00fbts en cas de sinistre. De plus, comme il s&rsquo;agit de v\u00e9hicules plus gros, ils peuvent causer des dommages importants et des blessures graves \u00e0 autrui, \u00e0 d&rsquo;autres v\u00e9hicules ou \u00e0 des propri\u00e9t\u00e9s. Lorsque vous obtenez une soumission d&rsquo;assurance VR, assurez-vous qu&rsquo;elle a une couverture suffisante pour vous prot\u00e9ger contre d&rsquo;\u00e9ventuelles circonstances impr\u00e9vues.<\/p>\n\n<h4 class=\"wp-block-heading\">Pouvez-vous \u00e9galement assurer ma caravane de voyage?<\/h4>\n\n<p>Votre caravane n&rsquo;est pas un v\u00e9hicule \u00e0 moteur et ne n\u00e9cessite donc pas sa propre police d&rsquo;assurance automobile. Tant que votre caravane de voyage est remorqu\u00e9e par un v\u00e9hicule assur\u00e9, votre caravane de voyage est consid\u00e9r\u00e9e comme l\u00e9gale sur la route. Certains assureurs offrent une police d&rsquo;assurance pour roulottes de voyage sp\u00e9cialis\u00e9es pour vous assurer de b\u00e9n\u00e9ficier d&rsquo;une couverture sur la roulotte, quelle que soit son utilisation. Votre assurance habitation couvre g\u00e9n\u00e9ralement le contenu de votre caravane, mais vous devriez consulter votre courtier d&rsquo;Assurance Champlain pour vous assurer qu&rsquo;elle couvre tout ce dont vous avez besoin ou si vous devriez \u00e9galement souscrire une assurance pour roulotte.<\/p>\n\n<h4 class=\"wp-block-heading\">Combien co\u00fbte l&rsquo;assurance camping-car?<\/h4>\n\n<p>La prime d\u2019assurance de chacun refl\u00e8te sa situation unique. Lors du calcul du co\u00fbt de votre prime d&rsquo;assurance, plusieurs facteurs cl\u00e9s seront pris en compte.<\/p>\n\n<p><strong>Les facteurs qui d\u00e9terminent le co\u00fbt de votre assurance VR comprennent:<\/strong><\/p>\n\n<ul class=\"wp-block-list\"><li><strong>Classe de VR<\/strong>: Les VR de classe B sont les VR les moins chers \u00e0 assurer. La classe A est la couverture la plus ch\u00e8re suivie de la classe C.<\/li><li><strong>Utilisation du VR<\/strong>: Vivre dans le RV \u00e0 plein temps co\u00fbtera plus cher que d&rsquo;utiliser votre RV \u00e0 l&rsquo;occasion.<\/li><li>Votre historique de conduite<\/li><li>Toute couverture suppl\u00e9mentaire que vous souhaitez ajouter entra\u00eenera une prime plus \u00e9lev\u00e9e.<\/li><\/ul>\n\n<p>En ce qui concerne le co\u00fbt de votre camping-car, assurez-vous de vous concentrer sur la couverture dont vous avez besoin et pas seulement sur l&rsquo;assurance VR la moins ch\u00e8re disponible. Nos courtiers en assurance rechercheront les tarifs pour vous et seront en mesure de vous fournir des devis au meilleur prix pour la couverture dont vous avez besoin.<\/p>\n\n<h4 class=\"wp-block-heading\">Comment obtenir une assurance VR avec Assurance Champlain?<\/h4>\n\n<p>Nous vous recommandons de contacter un courtier d&rsquo;Assurance Champlain lorsque vous cherchez \u00e0 obtenir une soumission d&rsquo;assurance VR. Cette couverture sp\u00e9cialis\u00e9e n\u00e9cessite des soins et une attention pour comprendre vos besoins individuels. Vous pouvez nous contacter d\u00e8s aujourd&rsquo;hui pour une soumission d&rsquo;assurance camping-car en remplissant un formulaire de soumission ou en nous appelant directement.<\/p>\n","protected":false},"excerpt":{"rendered":"<p>Devis d&rsquo;assurance VR en Ontario Pensez \u00e0 l&rsquo;Assurance Champlain Nous savons que l&rsquo;Ontario poss\u00e8de certaines des meilleures destinations de voyage en VR et en camping-car au monde. Si votre id\u00e9e de vacances parfaites est un voyage dans votre VR, les courtiers Assurance Champlain peuvent vous offrir une couverture d&rsquo;assurance camping-car tranquillit\u00e9 d&rsquo;esprit pour vous donner [&hellip;]<\/p>\n","protected":false},"author":1,"featured_media":0,"parent":3343,"menu_order":0,"comment_status":"closed","ping_status":"closed","template":"","meta":{"_et_pb_use_builder":"off","_et_pb_old_content":"","_et_gb_content_width":"","footnotes":""},"class_list":["post-3390","page","type-page","status-publish","hentry"],"_links":{"self":[{"href":"https:\/\/champlaininsurance.com\/fr\/wp-json\/wp\/v2\/pages\/3390","targetHints":{"allow":["GET"]}}],"collection":[{"href":"https:\/\/champlaininsurance.com\/fr\/wp-json\/wp\/v2\/pages"}],"about":[{"href":"https:\/\/champlaininsurance.com\/fr\/wp-json\/wp\/v2\/types\/page"}],"author":[{"embeddable":true,"href":"https:\/\/champlaininsurance.com\/fr\/wp-json\/wp\/v2\/users\/1"}],"replies":[{"embeddable":true,"href":"https:\/\/champlaininsurance.com\/fr\/wp-json\/wp\/v2\/comments?post=3390"}],"version-history":[{"count":4,"href":"https:\/\/champlaininsurance.com\/fr\/wp-json\/wp\/v2\/pages\/3390\/revisions"}],"predecessor-version":[{"id":3812,"href":"https:\/\/champlaininsurance.com\/fr\/wp-json\/wp\/v2\/pages\/3390\/revisions\/3812"}],"up":[{"embeddable":true,"href":"https:\/\/champlaininsurance.com\/fr\/wp-json\/wp\/v2\/pages\/3343"}],"wp:attachment":[{"href":"https:\/\/champlaininsurance.com\/fr\/wp-json\/wp\/v2\/media?parent=3390"}],"curies":[{"name":"wp","href":"https:\/\/api.w.org\/{rel}","templated":true}]}}