{"id":3398,"date":"2021-06-28T16:30:58","date_gmt":"2021-06-28T20:30:58","guid":{"rendered":"https:\/\/champlaininsurance.com\/maison\/condo\/"},"modified":"2021-07-15T14:41:30","modified_gmt":"2021-07-15T18:41:30","slug":"condo","status":"publish","type":"page","link":"https:\/\/champlaininsurance.com\/fr\/maison\/condo\/","title":{"rendered":"Condo"},"content":{"rendered":"\n<h2 class=\"wp-block-heading\">Soumissions d&rsquo;assurance condo en Ontario<\/h2>\n\n<h4 class=\"wp-block-heading\">Pensez \u00e0 l&rsquo;Assurance Champlain<\/h4>\n\n<p>Si vous \u00eates propri\u00e9taire d&rsquo;un condominium, l&rsquo;assurance condo est une excellente option pour vous prot\u00e9ger financi\u00e8rement de tout \u00e9v\u00e9nement malheureux qui se produirait dans votre condo. Votre assurance copropri\u00e9t\u00e9 (\u00e9galement connue sous le nom d&rsquo;assurance condo) peut prot\u00e9ger vos effets personnels, toute am\u00e9lioration de votre logement et tout dommage que vous causez accidentellement \u00e0 d&rsquo;autres logements. Une assurance est \u00e9galement importante pour vous prot\u00e9ger de toute responsabilit\u00e9 si quelqu&rsquo;un se blesse en visitant votre unit\u00e9.<\/p>\n\n<h4 class=\"wp-block-heading\">Qu&rsquo;est-ce que l&rsquo;assurance copropri\u00e9t\u00e9 et pourquoi en ai-je besoin?<\/h4>\n\n<p>Beaucoup de gens se demandent s&rsquo;ils ont besoin d&rsquo;une assurance copropri\u00e9t\u00e9, car l&rsquo;immeuble en copropri\u00e9t\u00e9 dans son ensemble devrait avoir sa propre assurance. Cependant, la police d&rsquo;assurance partag\u00e9e ne couvre g\u00e9n\u00e9ralement que les espaces communs (tels que le hall, la salle de sport et l&rsquo;ascenseur). Par cons\u00e9quent, \u00e0 l&rsquo;exclusion de vos effets personnels et de toute am\u00e9lioration apport\u00e9e \u00e0 votre appareil. De plus, la police d&rsquo;assurance partag\u00e9e peut ne pas fournir de couverture de responsabilit\u00e9 et ne vous prot\u00e9gera donc pas contre toute r\u00e9clamation faite contre vous. L&rsquo;assurance habitation en copropri\u00e9t\u00e9 est une excellente option pour fournir cette couche suppl\u00e9mentaire de protection.<\/p>\n\n<p>Si une r\u00e9paration majeure de votre appareil \u00e9tait n\u00e9cessaire, vous pourriez \u00eatre responsable des co\u00fbts. Imaginez le co\u00fbt d&rsquo;un tuyau \u00e9clat\u00e9 dans votre appartement qui se propage ensuite \u00e0 d&rsquo;autres unit\u00e9s. Si vous n\u2019avez pas d\u2019assurance habitation en copropri\u00e9t\u00e9, vous pourriez \u00eatre responsable de payer la totalit\u00e9 de la franchise de la police d\u2019assurance partag\u00e9e qui pourrait s\u2019\u00e9lever \u00e0 des dizaines de milliers de dollars. En outre, selon la police d&rsquo;assurance partag\u00e9e, vous pouvez \u00e9galement \u00eatre tenu de couvrir les frais de r\u00e9paration. Votre assurance condo fournira une couverture pour vous assurer que vous \u00eates couvert en cas d&rsquo;accident.<\/p>\n\n<p>En ce qui concerne vos biens, de nombreuses personnes sous-estiment le co\u00fbt de remplacement de tout ce qui se trouve dans votre logement. La plupart des polices d&rsquo;assurance partag\u00e9es ne couvriront pas le contenu des unit\u00e9s de condo individuelles. C&rsquo;est donc une bonne id\u00e9e de faire une liste de tout ce que vous poss\u00e9dez et d&rsquo;avoir une id\u00e9e de ce qu&rsquo;il en co\u00fbterait pour le remplacer. Pour les billets plus volumineux, assurez-vous de conserver les garanties et les re\u00e7us afin de pouvoir confirmer la propri\u00e9t\u00e9 et le co\u00fbt de remplacement.<\/p>\n\n<p>Nous comprenons que d\u00e9terminer ce que votre police d&rsquo;assurance condo devrait couvrir peut \u00eatre compliqu\u00e9. Nos courtiers examineront votre couverture actuelle et trouveront un ensemble d&rsquo;assurance qui r\u00e9pond \u00e0 vos besoins individuels.<\/p>\n\n<h4 class=\"wp-block-heading\">Combien co\u00fbte l&rsquo;assurance copropri\u00e9t\u00e9?<\/h4>\n\n<p><strong>De nombreux facteurs sont utilis\u00e9s pour d\u00e9terminer le co\u00fbt de votre assurance condo. Ceux-ci inclus:<\/strong><\/p>\n\n<ul class=\"wp-block-list\"><li>\u00c2ge de l&rsquo;immeuble en copropri\u00e9t\u00e9<\/li><li>Valeur de vos effets personnels<\/li><li>Am\u00e9liorations locatives<\/li><li>R\u00e9clamations ant\u00e9rieures<\/li><li>Emplacement<\/li><\/ul>\n\n<p><strong>Pour r\u00e9duire le co\u00fbt de votre prime d&rsquo;assurance condo, voici certaines choses que vous pouvez faire:<\/strong><\/p>\n\n<ul class=\"wp-block-list\"><li>Installer des syst\u00e8mes de s\u00e9curit\u00e9 tels que des alarmes antivol<\/li><li>Installer des d\u00e9tecteurs de fum\u00e9e<\/li><li>Regroupez vos assurances habitation et auto<\/li><\/ul>\n\n<p>Votre courtier d&rsquo;Assurance Champlain compare les prix en votre nom avec notre r\u00e9seau d&rsquo;assurances partenaires. Ils seront en mesure de vous proposer une soumission d\u2019assurance condo comp\u00e9titive tout en s\u2019assurant que vous b\u00e9n\u00e9ficiez d\u2019une couverture appropri\u00e9e.<\/p>\n\n<h4 class=\"wp-block-heading\">Comment obtenir une assurance condo avec Assurance Champlain?<\/h4>\n\n<p>D\u00e9marrez votre soumission d&rsquo;assurance condo en ligne sur notre site Web. Pour compl\u00e9ter votre souscription d&rsquo;assurance habitation en copropri\u00e9t\u00e9, votre courtier en assurance Champlain examinera votre soumission avec vous et cherchera \u00e0 voir s&rsquo;il existe d&rsquo;autres moyens de sauvegarder ou d&rsquo;identifier les domaines o\u00f9 vous pourriez avoir besoin d&rsquo;une couverture suppl\u00e9mentaire. Contactez-nous d\u00e8s aujourd&rsquo;hui!<\/p>\n","protected":false},"excerpt":{"rendered":"<p>Soumissions d&rsquo;assurance condo en Ontario Pensez \u00e0 l&rsquo;Assurance Champlain Si vous \u00eates propri\u00e9taire d&rsquo;un condominium, l&rsquo;assurance condo est une excellente option pour vous prot\u00e9ger financi\u00e8rement de tout \u00e9v\u00e9nement malheureux qui se produirait dans votre condo. Votre assurance copropri\u00e9t\u00e9 (\u00e9galement connue sous le nom d&rsquo;assurance condo) peut prot\u00e9ger vos effets personnels, toute am\u00e9lioration de votre logement [&hellip;]<\/p>\n","protected":false},"author":1,"featured_media":0,"parent":3346,"menu_order":0,"comment_status":"closed","ping_status":"closed","template":"","meta":{"_et_pb_use_builder":"off","_et_pb_old_content":"","_et_gb_content_width":"","footnotes":""},"class_list":["post-3398","page","type-page","status-publish","hentry"],"_links":{"self":[{"href":"https:\/\/champlaininsurance.com\/fr\/wp-json\/wp\/v2\/pages\/3398","targetHints":{"allow":["GET"]}}],"collection":[{"href":"https:\/\/champlaininsurance.com\/fr\/wp-json\/wp\/v2\/pages"}],"about":[{"href":"https:\/\/champlaininsurance.com\/fr\/wp-json\/wp\/v2\/types\/page"}],"author":[{"embeddable":true,"href":"https:\/\/champlaininsurance.com\/fr\/wp-json\/wp\/v2\/users\/1"}],"replies":[{"embeddable":true,"href":"https:\/\/champlaininsurance.com\/fr\/wp-json\/wp\/v2\/comments?post=3398"}],"version-history":[{"count":2,"href":"https:\/\/champlaininsurance.com\/fr\/wp-json\/wp\/v2\/pages\/3398\/revisions"}],"predecessor-version":[{"id":3833,"href":"https:\/\/champlaininsurance.com\/fr\/wp-json\/wp\/v2\/pages\/3398\/revisions\/3833"}],"up":[{"embeddable":true,"href":"https:\/\/champlaininsurance.com\/fr\/wp-json\/wp\/v2\/pages\/3346"}],"wp:attachment":[{"href":"https:\/\/champlaininsurance.com\/fr\/wp-json\/wp\/v2\/media?parent=3398"}],"curies":[{"name":"wp","href":"https:\/\/api.w.org\/{rel}","templated":true}]}}