{"id":3402,"date":"2021-06-28T16:40:03","date_gmt":"2021-06-28T20:40:03","guid":{"rendered":"https:\/\/champlaininsurance.com\/maison\/locataires\/"},"modified":"2021-07-15T14:45:28","modified_gmt":"2021-07-15T18:45:28","slug":"locataires","status":"publish","type":"page","link":"https:\/\/champlaininsurance.com\/fr\/maison\/locataires\/","title":{"rendered":"Locataires"},"content":{"rendered":"\n<h2 class=\"wp-block-heading\">Devis d&rsquo;assurance des locataires en Ontario<\/h2>\n\n<h4 class=\"wp-block-heading\">Pensez \u00e0 l&rsquo;Assurance Champlain.<\/h4>\n\n<p>L&rsquo;assurance locataire prot\u00e8ge vos biens personnels ainsi que votre responsabilit\u00e9 personnelle lors de la location d&rsquo;un bien. Votre propri\u00e9taire aura une assurance sur son immeuble mais il est peu probable qu&rsquo;elle couvre vos effets personnels! De plus, si vous causez involontairement des dommages, votre propre assurance sera n\u00e9cessaire pour les couvrir.<\/p>\n\n<h4 class=\"wp-block-heading\">Qu&rsquo;est-ce que l&rsquo;assurance locataire et pourquoi en ai-je besoin?<\/h4>\n\n<p>Il existe deux types de couverture de base dans la plupart des polices d\u2019assurance des locataires: l\u2019assurance du contenu du locataire et l\u2019assurance responsabilit\u00e9 civile des locataires.<\/p>\n\n<p>Si tout ce qui se trouvait dans votre immeuble locatif \u00e9tait perdu aujourd&rsquo;hui, pourriez-vous vous permettre de tout remplacer? M\u00eame si vous pouvez supposer que votre contenu ne vaut pas grand-chose, de nombreuses personnes sous-estiment le co\u00fbt pour le remplacer! L\u2019assurance de votre propri\u00e9taire prot\u00e9gera le b\u00e2timent lui-m\u00eame, mais ne couvrira probablement pas votre contenu. Certains propri\u00e9taires peuvent \u00e9galement exiger que vous ayez une assurance de contenu pour les locataires dans le cadre de leur propre police d&rsquo;assurance.<\/p>\n\n<p>La responsabilit\u00e9 civile personnelle est \u00e9galement un \u00e9l\u00e9ment important de l\u2019assurance des locataires. Si vous endommagez accidentellement une propri\u00e9t\u00e9 voisine (par exemple une inondation ou un incendie) ou si quelqu&rsquo;un est bless\u00e9 sur votre propri\u00e9t\u00e9, vous pouvez \u00eatre l\u00e9galement responsable.<\/p>\n\n<p>Une autre option de couverture est les frais de subsistance suppl\u00e9mentaires. Si votre logement locatif devient inhabitable, votre assurance locataire vous fournira des frais de subsistance suppl\u00e9mentaires jusqu&rsquo;\u00e0 concurrence du montant de votre police. Cela peut inclure les frais d&rsquo;h\u00f4tel et, dans certains cas, les repas.<\/p>\n\n<p>Pour les \u00e9tudiants vivant loin de chez eux pendant leurs \u00e9tudes, vous devriez demander \u00e0 votre courtier de voir si cela peut \u00eatre couvert par la police d&rsquo;assurance habitation de leurs parents ou si une police d&rsquo;assurance locataire distincte est requise.<\/p>\n\n<h4 class=\"wp-block-heading\">Combien co\u00fbte l&rsquo;assurance locataire?<\/h4>\n\n<p>L&rsquo;assurance locataire est l&rsquo;une des couvertures d&rsquo;assurance les moins ch\u00e8res. Selon l&#8217;emplacement et d&rsquo;autres facteurs, vous pouvez obtenir une couverture d&rsquo;assurance locataire bon march\u00e9 pour aussi peu que 25 $ par mois!<\/p>\n\n<p><strong>Plusieurs facteurs d\u00e9terminent le co\u00fbt de votre assurance locataire:<\/strong><\/p>\n\n<ul class=\"wp-block-list\"><li>Couverture<\/li><li>Emplacement<\/li><li>Type de b\u00e2timent<\/li><li>Historique des r\u00e9clamations<\/li><\/ul>\n\n<p>Il y a aussi plusieurs avantages \u00e0 avoir une assurance locataire, saviez-vous qu&rsquo;en regroupant vos locataires et votre police d&rsquo;assurance automobile, vous pouvez en fait \u00e9conomiser des centaines de dollars. En fait, parfois, la remise suppl\u00e9mentaire que vous recevez sur votre assurance automobile peut couvrir la totalit\u00e9 du co\u00fbt de l\u2019assurance de votre locataire.<\/p>\n\n<h4 class=\"wp-block-heading\">Comment obtenir une assurance locataire avec Assurance Champlain?<\/h4>\n\n<p>Commencez votre soumission d&rsquo;assurance locataire en ligne sur notre site Web ou appelez-nous d\u00e8s aujourd&rsquo;hui. Votre courtier d&rsquo;Assurance Champlain prendra le temps de comprendre votre situation et de vous proposer les meilleures options de couverture pour votre propri\u00e9t\u00e9 locative. Obtenez un devis d\u00e8s aujourd&rsquo;hui!<\/p>\n","protected":false},"excerpt":{"rendered":"<p>Devis d&rsquo;assurance des locataires en Ontario Pensez \u00e0 l&rsquo;Assurance Champlain. L&rsquo;assurance locataire prot\u00e8ge vos biens personnels ainsi que votre responsabilit\u00e9 personnelle lors de la location d&rsquo;un bien. Votre propri\u00e9taire aura une assurance sur son immeuble mais il est peu probable qu&rsquo;elle couvre vos effets personnels! De plus, si vous causez involontairement des dommages, votre propre [&hellip;]<\/p>\n","protected":false},"author":1,"featured_media":0,"parent":3346,"menu_order":0,"comment_status":"closed","ping_status":"closed","template":"","meta":{"_et_pb_use_builder":"off","_et_pb_old_content":"","_et_gb_content_width":"","footnotes":""},"class_list":["post-3402","page","type-page","status-publish","hentry"],"_links":{"self":[{"href":"https:\/\/champlaininsurance.com\/fr\/wp-json\/wp\/v2\/pages\/3402","targetHints":{"allow":["GET"]}}],"collection":[{"href":"https:\/\/champlaininsurance.com\/fr\/wp-json\/wp\/v2\/pages"}],"about":[{"href":"https:\/\/champlaininsurance.com\/fr\/wp-json\/wp\/v2\/types\/page"}],"author":[{"embeddable":true,"href":"https:\/\/champlaininsurance.com\/fr\/wp-json\/wp\/v2\/users\/1"}],"replies":[{"embeddable":true,"href":"https:\/\/champlaininsurance.com\/fr\/wp-json\/wp\/v2\/comments?post=3402"}],"version-history":[{"count":2,"href":"https:\/\/champlaininsurance.com\/fr\/wp-json\/wp\/v2\/pages\/3402\/revisions"}],"predecessor-version":[{"id":3836,"href":"https:\/\/champlaininsurance.com\/fr\/wp-json\/wp\/v2\/pages\/3402\/revisions\/3836"}],"up":[{"embeddable":true,"href":"https:\/\/champlaininsurance.com\/fr\/wp-json\/wp\/v2\/pages\/3346"}],"wp:attachment":[{"href":"https:\/\/champlaininsurance.com\/fr\/wp-json\/wp\/v2\/media?parent=3402"}],"curies":[{"name":"wp","href":"https:\/\/api.w.org\/{rel}","templated":true}]}}