{"id":3423,"date":"2021-06-29T09:25:00","date_gmt":"2021-06-29T13:25:00","guid":{"rendered":"https:\/\/champlaininsurance.com\/entreprise\/maison-commerciale\/"},"modified":"2021-07-15T13:29:35","modified_gmt":"2021-07-15T17:29:35","slug":"maison-commerciale","status":"publish","type":"page","link":"https:\/\/champlaininsurance.com\/fr\/entreprise\/maison-commerciale\/","title":{"rendered":"Maison commerciale"},"content":{"rendered":"\n<h2 class=\"wp-block-heading\">Soumissions d&rsquo;assurance en Ontario<\/h2>\n\n<h4 class=\"wp-block-heading\">Pensez \u00e0 l&rsquo;Assurance Champlain<\/h4>\n\n<p>Que vous soyez au tout d\u00e9but de votre activit\u00e9 ou que vous soyez un propri\u00e9taire d&rsquo;entreprise chevronn\u00e9, il est important de vous assurer que vous disposez de la bonne couverture pour vous prot\u00e9ger. L&rsquo;assurance des biens commerciaux est importante pour prot\u00e9ger \u00e0 la fois les installations et le contenu. De cette fa\u00e7on, en cas de sinistre, nous pouvons vous remettre rapidement en activit\u00e9.<\/p>\n\n<h4 class=\"wp-block-heading\">Qu&rsquo;est-ce que l&rsquo;assurance des biens commerciaux et pourquoi en ai-je besoin?<\/h4>\n\n<p>L&rsquo;assurance des biens commerciaux prot\u00e8ge \u00e0 la fois les actifs physiques (b\u00e2timents, \u00e9quipements, contenu et inventaire), ainsi que la couverture contre les pertes d&rsquo;exploitation. En outre, subir une perte pour votre entreprise peut entra\u00eener des temps d&rsquo;arr\u00eat, vous devrez donc non seulement couvrir les co\u00fbts de votre perte, mais \u00e9galement la perte de revenus. C\u2019est pourquoi l\u2019assurance des b\u00e2timents commerciaux est si importante!<\/p>\n\n<p><strong>Si vous commencez \u00e0 dresser une liste de tous les actifs de votre entreprise, vous pouvez r\u00e9aliser \u00e0 quelle vitesse les co\u00fbts augmenteraient si vous deviez tout remplacer de votre poche. Les \u00e9l\u00e9ments peuvent inclure:<\/strong><\/p>\n\n<ul class=\"wp-block-list\"><li>\u00c9quipement<\/li><li>Inventaire et fournitures<\/li><li>Mobilier et agencements de bureau<\/li><li>Informatique et \u00e9lectronique<\/li><li>La propri\u00e9t\u00e9 personnelle des employ\u00e9s sur place<\/li><li>Propri\u00e9t\u00e9 du client sur le site de votre entreprise<\/li><li>Syst\u00e8mes d&rsquo;\u00e9clairage<\/li><li>les fen\u00eatres<\/li><li>Panneaux ext\u00e9rieurs<\/li><li>Cl\u00f4ture et am\u00e9nagement paysager<\/li><li>Outils et \u00e9quipements en transit ou utilis\u00e9s hors site \u00e0 des fins commerciales.<\/li><\/ul>\n\n<p><strong>En r\u00e8gle g\u00e9n\u00e9rale, votre assurance des biens commerciaux peut couvrir les \u00e9l\u00e9ments suivants:<\/strong><\/p>\n\n<ul class=\"wp-block-list\"><li>Co\u00fbt de r\u00e9paration<\/li><li>Co\u00fbts de remplacement<\/li><li>Couverture d&rsquo;interruption d&rsquo;activit\u00e9<\/li><li>Pertes impr\u00e9vues<\/li><\/ul>\n\n<h4 class=\"wp-block-heading\">Combien co\u00fbte l&rsquo;assurance des biens commerciaux?<\/h4>\n\n<p><strong>Votre entreprise est unique pour vous et, par cons\u00e9quent, le co\u00fbt de l&rsquo;assurance des biens commerciaux est unique pour vous! Il existe un certain nombre de facteurs qui d\u00e9terminent le co\u00fbt de votre prime d&rsquo;assurance des biens commerciaux. Ceux-ci inclus:<\/strong><\/p>\n\n<ul class=\"wp-block-list\"><li><strong>Emplacement<\/strong>: W l&#8217;emplacement de votre entreprise peut avoir un impact sur vos co\u00fbts. Cela peut inclure les taux de criminalit\u00e9, le risque d&rsquo;inondation ou la proximit\u00e9 des services d&rsquo;urgence<\/li><li>Co\u00fbts de remplacement<\/li><li>L&rsquo;\u00e2ge de votre propri\u00e9t\u00e9<\/li><li>Travaux d&rsquo;\u00e9lectricit\u00e9 et plomberie<\/li><\/ul>\n\n<p>En comprenant les impacts, le co\u00fbt de votre prime peut r\u00e9ellement vous aider \u00e0 les r\u00e9duire. Le remplacement de votre toit, la mise \u00e0 niveau \u00e9lectrique ou l&rsquo;augmentation de la s\u00e9curit\u00e9 peuvent \u00eatre une option pour vous. Il vaut \u00e9galement la peine de v\u00e9rifier aupr\u00e8s de votre conseiller fiscal car le co\u00fbt de votre assurance b\u00e2timent commercial peut souvent \u00eatre une d\u00e9pense d\u00e9ductible.<\/p>\n\n<h4 class=\"wp-block-heading\">Comment obtenir une assurance des biens commerciaux aupr\u00e8s des courtiers d&rsquo;Assurance Champlain?<\/h4>\n\n<p>Vous pouvez commencer par remplir notre formulaire de soumission en ligne pour votre assurance avec Assurance Champlain. Nous ferons des emplettes diff\u00e9rentes compagnies d&rsquo;assurance de propri\u00e9t\u00e9 commerciale en votre nom pour trouver la compagnie d&rsquo;assurance de b\u00e2timent commercial la plus appropri\u00e9e offrant la couverture dont vous avez besoin au meilleur prix possible que nous pouvons trouver.<\/p>\n","protected":false},"excerpt":{"rendered":"<p>Soumissions d&rsquo;assurance en Ontario Pensez \u00e0 l&rsquo;Assurance Champlain Que vous soyez au tout d\u00e9but de votre activit\u00e9 ou que vous soyez un propri\u00e9taire d&rsquo;entreprise chevronn\u00e9, il est important de vous assurer que vous disposez de la bonne couverture pour vous prot\u00e9ger. L&rsquo;assurance des biens commerciaux est importante pour prot\u00e9ger \u00e0 la fois les installations et [&hellip;]<\/p>\n","protected":false},"author":1,"featured_media":0,"parent":3358,"menu_order":0,"comment_status":"closed","ping_status":"closed","template":"","meta":{"_et_pb_use_builder":"off","_et_pb_old_content":"","_et_gb_content_width":"","footnotes":""},"class_list":["post-3423","page","type-page","status-publish","hentry"],"_links":{"self":[{"href":"https:\/\/champlaininsurance.com\/fr\/wp-json\/wp\/v2\/pages\/3423","targetHints":{"allow":["GET"]}}],"collection":[{"href":"https:\/\/champlaininsurance.com\/fr\/wp-json\/wp\/v2\/pages"}],"about":[{"href":"https:\/\/champlaininsurance.com\/fr\/wp-json\/wp\/v2\/types\/page"}],"author":[{"embeddable":true,"href":"https:\/\/champlaininsurance.com\/fr\/wp-json\/wp\/v2\/users\/1"}],"replies":[{"embeddable":true,"href":"https:\/\/champlaininsurance.com\/fr\/wp-json\/wp\/v2\/comments?post=3423"}],"version-history":[{"count":4,"href":"https:\/\/champlaininsurance.com\/fr\/wp-json\/wp\/v2\/pages\/3423\/revisions"}],"predecessor-version":[{"id":3818,"href":"https:\/\/champlaininsurance.com\/fr\/wp-json\/wp\/v2\/pages\/3423\/revisions\/3818"}],"up":[{"embeddable":true,"href":"https:\/\/champlaininsurance.com\/fr\/wp-json\/wp\/v2\/pages\/3358"}],"wp:attachment":[{"href":"https:\/\/champlaininsurance.com\/fr\/wp-json\/wp\/v2\/media?parent=3423"}],"curies":[{"name":"wp","href":"https:\/\/api.w.org\/{rel}","templated":true}]}}