{"id":3429,"date":"2021-06-29T09:33:40","date_gmt":"2021-06-29T13:33:40","guid":{"rendered":"https:\/\/champlaininsurance.com\/entreprise\/responsabilite-professionnelle\/"},"modified":"2021-07-15T13:31:04","modified_gmt":"2021-07-15T17:31:04","slug":"responsabilite-professionnelle","status":"publish","type":"page","link":"https:\/\/champlaininsurance.com\/fr\/entreprise\/responsabilite-professionnelle\/","title":{"rendered":"Responsabilit\u00e9 professionnelle"},"content":{"rendered":"\n<h2 class=\"wp-block-heading\">Soumissions d&rsquo;assurance en Ontario<\/h2>\n\n<h4 class=\"wp-block-heading\">Pensez \u00e0 l&rsquo;Assurance Champlain<\/h4>\n\n<p>Nous commettons tous des erreurs, mais si cette erreur entra\u00eene une perte importante pour un client, celui-ci peut demander une indemnisation. L&rsquo;assurance responsabilit\u00e9 civile professionnelle, \u00e9galement appel\u00e9e assurance erreurs et omissions (assurance E&amp;O), aide \u00e0 prot\u00e9ger les conseils et les services professionnels fournissant aux particuliers et aux entreprises des co\u00fbts peuvent survenir en raison d&rsquo;erreurs ou d&rsquo;omissions.<\/p>\n\n<h4 class=\"wp-block-heading\"><strong>Qu&rsquo;est-ce que l&rsquo;assurance responsabilit\u00e9 civile professionnelle et pourquoi en ai-je besoin?<\/strong><\/h4>\n\n<p>Si vous fournissez des conseils professionnels dans le cadre de votre entreprise, pourriez-vous vous permettre de couvrir les frais d&rsquo;une action en justice contre vous? L&rsquo;assurance responsabilit\u00e9 civile professionnelle peut couvrir les frais de d\u00e9fense d&rsquo;une r\u00e9clamation pour n\u00e9gligence faite par un client et les dommages-int\u00e9r\u00eats accord\u00e9s dans une telle poursuite.<\/p>\n\n<p>De nombreux types d&rsquo;entreprises ont besoin d&rsquo;une assurance erreurs et omissions. Si votre entreprise travaille directement avec les clients tout en fournissant des services, vous devriez envisager une assurance responsabilit\u00e9 civile professionnelle.<\/p>\n\n<p><strong>Voici quelques types de professionnels qui auront probablement besoin d&rsquo;une assurance E&amp;O:<\/strong><\/p>\n\n<ul class=\"wp-block-list\"><li>Professionnels de la technologie<\/li><li>Professionnels du droit<\/li><li>Professionnels de l&rsquo;immobilier<\/li><li>Professionnels m\u00e9dicaux<\/li><li>Conseillers financiers<\/li><li>Comptables<\/li><\/ul>\n\n<h4 class=\"wp-block-heading\">Combien co\u00fbte l&rsquo;assurance responsabilit\u00e9 civile professionnelle?<\/h4>\n\n<p>Le co\u00fbt de votre assurance E&amp;O variera en fonction du secteur dans lequel votre entreprise se trouve. Par exemple, une entreprise qui fournit des conseils financiers aura des risques diff\u00e9rents pour un professionnel de l&rsquo;immobilier.<\/p>\n\n<p>Cherchez toujours \u00e0 avoir la couverture appropri\u00e9e par rapport \u00e0 la couverture la moins ch\u00e8re pour votre entreprise. Nos courtiers prendront le temps de comprendre votre entreprise pour \u00eatre en mesure de garantir que vous \u00eates couvert en cas de sinistre. Nous prendrons toujours le temps de magasiner votre assurance E&amp;O aupr\u00e8s de nos fournisseurs pour nous assurer que vous obtenez le meilleur taux pour votre couverture.<\/p>\n\n<h4 class=\"wp-block-heading\">Comment obtenir une assurance E&amp;O aupr\u00e8s des courtiers d&rsquo;Assurance Champlain?<\/h4>\n\n<p>Nos courtiers en Assurance Champlain amorceront toujours la conversation en apprenant \u00e0 mieux conna\u00eetre votre entreprise. Cela nous permet de comprendre vos expositions aux risques. Une fois votre demande d\u00fbment remplie, nos courtiers ach\u00e8teront votre devis aupr\u00e8s de plusieurs compagnies d&rsquo;assurance sp\u00e9cialis\u00e9es dans votre cat\u00e9gorie d&rsquo;entreprise. Contactez-nous d\u00e8s aujourd&rsquo;hui pour obtenir les conseils d&rsquo;assurance E&amp;O dont vous avez besoin.<\/p>\n","protected":false},"excerpt":{"rendered":"<p>Soumissions d&rsquo;assurance en Ontario Pensez \u00e0 l&rsquo;Assurance Champlain Nous commettons tous des erreurs, mais si cette erreur entra\u00eene une perte importante pour un client, celui-ci peut demander une indemnisation. L&rsquo;assurance responsabilit\u00e9 civile professionnelle, \u00e9galement appel\u00e9e assurance erreurs et omissions (assurance E&amp;O), aide \u00e0 prot\u00e9ger les conseils et les services professionnels fournissant aux particuliers et aux [&hellip;]<\/p>\n","protected":false},"author":1,"featured_media":0,"parent":3358,"menu_order":0,"comment_status":"closed","ping_status":"closed","template":"","meta":{"_et_pb_use_builder":"off","_et_pb_old_content":"","_et_gb_content_width":"","footnotes":""},"class_list":["post-3429","page","type-page","status-publish","hentry"],"_links":{"self":[{"href":"https:\/\/champlaininsurance.com\/fr\/wp-json\/wp\/v2\/pages\/3429","targetHints":{"allow":["GET"]}}],"collection":[{"href":"https:\/\/champlaininsurance.com\/fr\/wp-json\/wp\/v2\/pages"}],"about":[{"href":"https:\/\/champlaininsurance.com\/fr\/wp-json\/wp\/v2\/types\/page"}],"author":[{"embeddable":true,"href":"https:\/\/champlaininsurance.com\/fr\/wp-json\/wp\/v2\/users\/1"}],"replies":[{"embeddable":true,"href":"https:\/\/champlaininsurance.com\/fr\/wp-json\/wp\/v2\/comments?post=3429"}],"version-history":[{"count":2,"href":"https:\/\/champlaininsurance.com\/fr\/wp-json\/wp\/v2\/pages\/3429\/revisions"}],"predecessor-version":[{"id":3819,"href":"https:\/\/champlaininsurance.com\/fr\/wp-json\/wp\/v2\/pages\/3429\/revisions\/3819"}],"up":[{"embeddable":true,"href":"https:\/\/champlaininsurance.com\/fr\/wp-json\/wp\/v2\/pages\/3358"}],"wp:attachment":[{"href":"https:\/\/champlaininsurance.com\/fr\/wp-json\/wp\/v2\/media?parent=3429"}],"curies":[{"name":"wp","href":"https:\/\/api.w.org\/{rel}","templated":true}]}}