{"id":3431,"date":"2021-06-29T09:37:05","date_gmt":"2021-06-29T13:37:05","guid":{"rendered":"https:\/\/champlaininsurance.com\/entreprise\/petite-entreprise\/"},"modified":"2021-07-15T13:42:21","modified_gmt":"2021-07-15T17:42:21","slug":"petite-entreprise","status":"publish","type":"page","link":"https:\/\/champlaininsurance.com\/fr\/entreprise\/petite-entreprise\/","title":{"rendered":"Petite entreprise"},"content":{"rendered":"\n<h2 class=\"wp-block-heading\">Soumissions d&rsquo;assurance en Ontario<\/h2>\n\n<h4 class=\"wp-block-heading\">Pensez \u00e0 l&rsquo;Assurance Champlain<\/h4>\n\n<p>Vous avez investi beaucoup de temps et d\u2019efforts pour d\u00e9velopper votre entreprise. Prot\u00e9gez tout ce pour quoi vous avez travaill\u00e9 dur avec l\u2019assurance petites entreprises d\u2019Assurance Champlain. Nous offrons des conseils et une couverture d&rsquo;assurance pour les petites entreprises pour tous les aspects de votre entreprise.<\/p>\n\n<h4 class=\"wp-block-heading\">Qu&rsquo;est-ce que l&rsquo;assurance petites entreprises et pourquoi en ai-je besoin?<\/h4>\n\n<p>G\u00e9rer une entreprise comporte des risques, mais prendre trop de risques ou ne pas prot\u00e9ger votre petite entreprise n&rsquo;est pas un risque \u00e0 prendre. Si votre petite entreprise subissait une perte, votre entreprise pourrait-elle survivre? Nous comprenons le travail acharn\u00e9 qu&rsquo;il faut pour g\u00e9rer une petite entreprise et nous mettons donc tout en \u0153uvre pour nous assurer que vous \u00eates couvert.<\/p>\n\n<p>Il existe plusieurs types d&rsquo;assurance pour votre petite entreprise. Ce dont vous avez besoin d\u00e9pendra de l&rsquo;industrie dans laquelle vous vous trouvez. Nous vous conseillons de demander l&rsquo;avis d&rsquo;un courtier d&rsquo;Assurance Champlain. Nous prendrons le temps de comprendre votre entreprise et les types de risques auxquels elle peut \u00eatre confront\u00e9e.<\/p>\n\n<p><strong> Voici les types d&rsquo;assurance petites entreprises que nous offrons chez Assurance Champlain\u00a0:<\/strong><\/p>\n\n<ul class=\"wp-block-list\"><li>Assurance des petites entreprises pour les biens et les revenus des entreprises<\/li><li>Assurance habitation<\/li><li>Assurance du contenu<\/li><li>Assurance contre les pertes d&rsquo;exploitation<\/li><li>Assurance automobile<\/li><li>Assurance des comptes clients<\/li><li>Assurance responsabilit\u00e9 civile des petites entreprises<\/li><li>Responsabilit\u00e9 civile g\u00e9n\u00e9rale<\/li><li>La responsabilit\u00e9 des produits<\/li><li>Assurance responsabilit\u00e9 civile professionnelle<\/li><li>Cyber \u200b\u200bresponsabilit\u00e9<\/li><\/ul>\n\n<h4 class=\"wp-block-heading\">Combien co\u00fbte l&rsquo;assurance des petites entreprises?<\/h4>\n\n<p>Nous comprenons que la gestion d&rsquo;une petite entreprise entra\u00eene de nombreux co\u00fbts et, en tant que propri\u00e9taire d&rsquo;entreprise, vous souhaitez prendre une d\u00e9cision \u00e9clair\u00e9e sur toutes les d\u00e9penses d&rsquo;entreprise. S&rsquo;assurer que votre petite entreprise a le montant de couverture appropri\u00e9 est une d\u00e9pense importante qui att\u00e9nue le risque d&rsquo;une situation financi\u00e8re d\u00e9vastatrice sur la route.<\/p>\n\n<p>L\u2019assurance des petites entreprises varie en fonction de votre secteur d\u2019activit\u00e9, mais elle est beaucoup plus abordable que vous ne le pensez. Nos courtiers en assurance de Champlain prendront le temps de comprendre votre entreprise pour \u00eatre en mesure de garantir que vous \u00eates couvert en cas de sinistre. Nous prendrons toujours le temps de magasiner votre assurance petite entreprise aupr\u00e8s de nos fournisseurs pour nous assurer que vous obtenez le meilleur taux pour votre couverture.<\/p>\n\n<h4 class=\"wp-block-heading\">Comment obtenir une assurance petite entreprise avec Assurance Champlain?<\/h4>\n\n<p>Nos courtiers vous donneront la tranquillit\u00e9 d&rsquo;esprit en veillant \u00e0 ce que votre petite entreprise soit couverte. Nous travaillons pour vous et vous aiderons \u00e0 offrir \u00e0 votre entreprise la couverture qui convient \u00e0 votre budget et \u00e0 vos exigences. Nous sommes votre avocat, conseiller de confiance et membre de votre \u00e9quipe soucieux de votre budget qui travaillera pour vous pour vous offrir la meilleure couverture. Contactez-nous d\u00e8s aujourd&rsquo;hui pour un examen sans obligation de votre couverture d&rsquo;assurance actuelle pour les petites entreprises. Faites confiance \u00e0 l\u2019Assurance Champlain, nous travaillons pour vous.<\/p>\n","protected":false},"excerpt":{"rendered":"<p>Soumissions d&rsquo;assurance en Ontario Pensez \u00e0 l&rsquo;Assurance Champlain Vous avez investi beaucoup de temps et d\u2019efforts pour d\u00e9velopper votre entreprise. Prot\u00e9gez tout ce pour quoi vous avez travaill\u00e9 dur avec l\u2019assurance petites entreprises d\u2019Assurance Champlain. Nous offrons des conseils et une couverture d&rsquo;assurance pour les petites entreprises pour tous les aspects de votre entreprise. Qu&rsquo;est-ce [&hellip;]<\/p>\n","protected":false},"author":1,"featured_media":0,"parent":3358,"menu_order":0,"comment_status":"closed","ping_status":"closed","template":"","meta":{"_et_pb_use_builder":"off","_et_pb_old_content":"","_et_gb_content_width":"","footnotes":""},"class_list":["post-3431","page","type-page","status-publish","hentry"],"_links":{"self":[{"href":"https:\/\/champlaininsurance.com\/fr\/wp-json\/wp\/v2\/pages\/3431","targetHints":{"allow":["GET"]}}],"collection":[{"href":"https:\/\/champlaininsurance.com\/fr\/wp-json\/wp\/v2\/pages"}],"about":[{"href":"https:\/\/champlaininsurance.com\/fr\/wp-json\/wp\/v2\/types\/page"}],"author":[{"embeddable":true,"href":"https:\/\/champlaininsurance.com\/fr\/wp-json\/wp\/v2\/users\/1"}],"replies":[{"embeddable":true,"href":"https:\/\/champlaininsurance.com\/fr\/wp-json\/wp\/v2\/comments?post=3431"}],"version-history":[{"count":2,"href":"https:\/\/champlaininsurance.com\/fr\/wp-json\/wp\/v2\/pages\/3431\/revisions"}],"predecessor-version":[{"id":3820,"href":"https:\/\/champlaininsurance.com\/fr\/wp-json\/wp\/v2\/pages\/3431\/revisions\/3820"}],"up":[{"embeddable":true,"href":"https:\/\/champlaininsurance.com\/fr\/wp-json\/wp\/v2\/pages\/3358"}],"wp:attachment":[{"href":"https:\/\/champlaininsurance.com\/fr\/wp-json\/wp\/v2\/media?parent=3431"}],"curies":[{"name":"wp","href":"https:\/\/api.w.org\/{rel}","templated":true}]}}