{"id":3480,"date":"2021-06-29T11:30:18","date_gmt":"2021-06-29T15:30:18","guid":{"rendered":"https:\/\/champlaininsurance.com\/a-propos-du-courtage\/ressources\/"},"modified":"2021-07-15T12:44:18","modified_gmt":"2021-07-15T16:44:18","slug":"ressources","status":"publish","type":"page","link":"https:\/\/champlaininsurance.com\/fr\/a-propos-du-courtage\/ressources\/","title":{"rendered":"Ressources"},"content":{"rendered":"\n<h3 class=\"wp-block-heading\">Organismes de r\u00e9glementation<\/h3>\n\n<p>Diff\u00e9rents organismes de r\u00e9glementation surveillent les courtiers en assurance. Voici quelques liens vers diff\u00e9rentes organisations qui concernent les courtiers en Ontario:<\/p>\n\n<ul class=\"wp-block-list\"><li><a href=\"http:\/\/www.ribo.com\/\">Courtiers d&rsquo;assurance enregistr\u00e9s de l&rsquo;Ontario (RIBO)<\/a><\/li><li><a href=\"http:\/\/www.insuranceinstitute.ca\/en\/institutes-and-chapters\/Ontario.aspx\">Institut d\u2019assurance de l\u2019Ontario<\/a><\/li><li><a href=\"https:\/\/www.insuranceinstitute.ca\/\">Institut d&rsquo;assurance du Canada<\/a><\/li><li><a href=\"http:\/\/www.ibao.org\/\">Association des courtiers d&rsquo;assurance de l&rsquo;Ontario (IBAO)<\/a><\/li><li><a href=\"http:\/\/www.ibc.ca\/on\/\">Bureau d&rsquo;assurance du Canada<\/a><\/li><\/ul>\n\n<h3 class=\"wp-block-heading\">Commission des services financiers de l&rsquo;Ontario<\/h3>\n\n<p>Pour obtenir des renseignements d\u00e9taill\u00e9s sur l\u2019assurance, y compris les r\u00e9cents changements apport\u00e9s \u00e0 l\u2019assurance automobile, des conseils sur la r\u00e9duction des primes de votre propri\u00e9taire et bien plus encore, veuillez visiter la\u00a0<a href=\"http:\/\/www.fsco.gov.on.ca\/\"> Commission des services financiers de l\u2019Ontario (CSFO)<\/a><\/p>\n\n<h3 class=\"wp-block-heading\">Autres sites Web utiles<\/h3>\n\n<p>Voici quelques sites Web qui pourraient vous \u00eatre utiles lorsque vous recherchez plus d&rsquo;informations sur l&rsquo;assurance en g\u00e9n\u00e9ral et d&rsquo;autres conseils utiles:<\/p>\n\n<ul class=\"wp-block-list\"><li><a href=\"http:\/\/www.mto.gov.on.ca\/\">Minist\u00e8re des transports de l&rsquo;Ontario (MTO)<\/a><\/li><li><a href=\"https:\/\/www.getprepared.gc.ca\/index-en.aspx\">Pr\u00e9parez-vous: pr\u00e9paration aux situations d&rsquo;urgence<\/a><\/li><\/ul>\n\n<h3 class=\"wp-block-heading\">Commissions politiques<\/h3>\n\n<p>Merci pour votre entreprise. En tant que courtier d&rsquo;assurance ind\u00e9pendant, nous achetons ce que nous pensons \u00eatre les meilleurs produits et services d&rsquo;assurance en votre nom, disponibles, abordables et compr\u00e9hensibles.<\/p>\n\n<p>Notre r\u00f4le est de vous offrir la meilleure valeur d&rsquo;assurance qui allie couverture, service et prix. Nous fournissons \u00e9galement un service personnalis\u00e9 et de qualit\u00e9 qui comprend des conseils professionnels en assurance, une maintenance continue des polices et un soutien aux sinistres. Lorsqu&rsquo;un probl\u00e8me survient concernant votre couverture d&rsquo;assurance, nous sommes votre avocat, en utilisant notre exp\u00e9rience professionnelle pour mieux repr\u00e9senter votre int\u00e9r\u00eat individuel.<\/p>\n\n<p>La compensation de courtage fait partie de votre prime d&rsquo;assurance. Pour votre b\u00e9n\u00e9fice, nous avons r\u00e9pertori\u00e9 ci-dessous les assureurs <strong>automobile, habitation et commercial<\/strong> qui repr\u00e9sentent contractuellement, y compris la gamme d&rsquo;indemnit\u00e9s que chacun fournit en pourcentage de votre prime globale:<\/p>\n\n<h5 class=\"wp-block-heading\">Auto<\/h5>\n\n<ul class=\"wp-block-list\"><li><strong>Assurance cocher &#8211; 10% &#8211; 12,5%<\/strong><\/li><li><strong>Mutuelle Grenville 10% &#8211; 12,5%<\/strong><\/li><li><strong>Hagerty Canada 12,5%<\/strong><\/li><li><strong>Intact Insurance 10% &#8211; 12,5%<\/strong><\/li><li><strong>Jevco Insurance 5% &#8211; 12,5%<\/strong><\/li><li><strong>Nordic Insurance (Facilit\u00e9) 5% &#8211; 11%<\/strong><\/li><li><strong>Assurance optimale 12,5%<\/strong><\/li><li><strong>Pafco Insurance 10% &#8211; 12,5%<\/strong><\/li><li><strong>Pembrigde Insurance 10% &#8211; 12,5%<\/strong><\/li><li><strong>Mutuelle Portage 10% &#8211; 12,5%<\/strong><\/li><li><strong>SGI Canada Insurance 10% &#8211; 12,5%<\/strong><\/li><\/ul>\n\n<h5 class=\"wp-block-heading\">Domicile<\/h5>\n\n<ul class=\"wp-block-list\"><li><strong>Mutuelle Grenville &#8211; 20%<\/strong><\/li><li><strong>Intact Insurance &#8211; 20%<\/strong><\/li><li><strong>Assurance optimale &#8211; 20%<\/strong><\/li><li><strong>Assurance Pembridge &#8211; 20%<\/strong><\/li><li><strong>Mutuelle de Portage &#8211; 20%<\/strong><\/li><li><strong>SGI Canada Insurance &#8211; 20%<\/strong><\/li><li><strong>Mutuelle de Portage &#8211; 20%<\/strong><\/li><\/ul>\n\n<h5 class=\"wp-block-heading\">Commercial<\/h5>\n\n<ul class=\"wp-block-list\"><li><strong>Assurance eccl\u00e9siastique &#8211; 20%<\/strong><\/li><li><strong>Mutuelle Grenville &#8211; 20%<\/strong><\/li><li><strong>Mutuelle Grenville &#8211; 20%<\/strong><\/li><li><strong>Assurance optimale &#8211; 20%<\/strong><\/li><li><strong>Mutuelle de Portage &#8211; 20%<\/strong><\/li><li><strong>Interm\u00e9diaires et agents g\u00e9n\u00e9raux g\u00e9rants &#8211; 10% &#8211; 15%<\/strong> Nous pouvons acc\u00e9der \u00e0 divers interm\u00e9diaires d&rsquo;assurance (courtiers en gros) et assureurs sp\u00e9cialis\u00e9s, pour lesquels nous n&rsquo;avons aucun contrat.<\/li><\/ul>\n\n<p><em>Ce pourcentage de commission nous est vers\u00e9 annuellement sur les nouvelles affaires et les renouvellements.<\/em><\/p>\n\n<p>S&rsquo;il y a une augmentation de la commission, que nous recevons de l&rsquo;assureur, ou tout autre changement important qui affecte les modalit\u00e9s d&rsquo;indemnisation, nous vous en informerons.<\/p>\n\n<p><strong>RECEIPT OF CONTINGENT COMMISSIONS:<\/strong> In order for us to maintain strong relationships, we work with each business to provide the type of business they desire. Most of the Insurers above recognize our efforts through a Contingent (Profit) Commission contract. Payment of this Contingent (Profit) Commission may depend on a combination of growth, profitability (loss ratio), volume, retention and increased services that we provide on behalf of the Insurer. Contingent (Profit) Commission is not guaranteed. For detailed information on Contingent Commission please go to the individual company\u2019s website or\u00a0<a href=\"https:\/\/champlaininsurance.com\/fr\/a-propos-du-courtage\/contact\/\">contact us<\/a>\u00a0and we will obtain this information for you.<\/p>\n\n<p><strong>INCITATIONS \u00c0 LA VENTE:<\/strong> Aucune de nos compagnies d&rsquo;assurance ne nous offre une incitation \u00e0 la vente.&#13;\n<\/p>\n\n<p><strong>PROPRI\u00c9T\u00c9:<\/strong> Champlain Insurance Brokers Inc. n&rsquo;appartient d&rsquo;aucune mani\u00e8re \u00e0 une compagnie d&rsquo;assurance. Nous n&rsquo;avons aucun pr\u00eat garanti par aucune compagnie d&rsquo;assurance, ni aucune relation financi\u00e8re avec aucune compagnie d&rsquo;assurance.<\/p>\n\n<p>A Consumer Code of Rights and Responsibilities is available upon request. Please\u00a0<a href=\"https:\/\/champlaininsurance.com\/fr\/a-propos-du-courtage\/contact\/\">contact us<\/a>\u00a0if you have any questions regarding this or any other aspect of your insurance.<\/p>\n","protected":false},"excerpt":{"rendered":"<p>Organismes de r\u00e9glementation Diff\u00e9rents organismes de r\u00e9glementation surveillent les courtiers en assurance. Voici quelques liens vers diff\u00e9rentes organisations qui concernent les courtiers en Ontario: Courtiers d&rsquo;assurance enregistr\u00e9s de l&rsquo;Ontario (RIBO) Institut d\u2019assurance de l\u2019Ontario Institut d&rsquo;assurance du Canada Association des courtiers d&rsquo;assurance de l&rsquo;Ontario (IBAO) Bureau d&rsquo;assurance du Canada Commission des services financiers de l&rsquo;Ontario [&hellip;]<\/p>\n","protected":false},"author":1,"featured_media":0,"parent":3332,"menu_order":0,"comment_status":"closed","ping_status":"closed","template":"","meta":{"_et_pb_use_builder":"off","_et_pb_old_content":"","_et_gb_content_width":"","footnotes":""},"class_list":["post-3480","page","type-page","status-publish","hentry"],"_links":{"self":[{"href":"https:\/\/champlaininsurance.com\/fr\/wp-json\/wp\/v2\/pages\/3480","targetHints":{"allow":["GET"]}}],"collection":[{"href":"https:\/\/champlaininsurance.com\/fr\/wp-json\/wp\/v2\/pages"}],"about":[{"href":"https:\/\/champlaininsurance.com\/fr\/wp-json\/wp\/v2\/types\/page"}],"author":[{"embeddable":true,"href":"https:\/\/champlaininsurance.com\/fr\/wp-json\/wp\/v2\/users\/1"}],"replies":[{"embeddable":true,"href":"https:\/\/champlaininsurance.com\/fr\/wp-json\/wp\/v2\/comments?post=3480"}],"version-history":[{"count":2,"href":"https:\/\/champlaininsurance.com\/fr\/wp-json\/wp\/v2\/pages\/3480\/revisions"}],"predecessor-version":[{"id":3789,"href":"https:\/\/champlaininsurance.com\/fr\/wp-json\/wp\/v2\/pages\/3480\/revisions\/3789"}],"up":[{"embeddable":true,"href":"https:\/\/champlaininsurance.com\/fr\/wp-json\/wp\/v2\/pages\/3332"}],"wp:attachment":[{"href":"https:\/\/champlaininsurance.com\/fr\/wp-json\/wp\/v2\/media?parent=3480"}],"curies":[{"name":"wp","href":"https:\/\/api.w.org\/{rel}","templated":true}]}}