{"id":3555,"date":"2021-06-29T14:34:40","date_gmt":"2021-06-29T18:34:40","guid":{"rendered":"https:\/\/champlaininsurance.com\/notre-equipe\/linda-vernier\/"},"modified":"2021-06-29T14:34:40","modified_gmt":"2021-06-29T18:34:40","slug":"linda-vernier","status":"publish","type":"page","link":"https:\/\/champlaininsurance.com\/fr\/notre-equipe\/linda-vernier\/","title":{"rendered":"Linda Vernier"},"content":{"rendered":"<p>[et_pb_section fb_built=\u00a0\u00bb1&Prime; _builder_version=\u00a0\u00bb4.4.8&Prime; custom_padding=\u00a0\u00bb0px||||false|false\u00a0\u00bb][et_pb_row column_structure=\u00a0\u00bb1_3,2_3&Prime; _builder_version=\u00a0\u00bb4.9.2&Prime; width=\u00a0\u00bb100%\u00a0\u00bb custom_padding=\u00a0\u00bb0px||||false|false\u00a0\u00bb][et_pb_column type=\u00a0\u00bb1_3&Prime; _builder_version=\u00a0\u00bb4.4.8&Prime;][et_pb_blurb title=\u00a0\u00bbLinda Vernier\u00a0\u00bb image=\u00a0\u00bbhttps:\/\/champlaininsurance.com\/wp-content\/uploads\/2021\/04\/warner-team-2021_0003_linda-vernier.jpg\u00a0\u00bb alt=\u00a0\u00bbLinda Vernier Headshot\u00a0\u00bb _builder_version=\u00a0\u00bb4.9.4&Prime; _module_preset=\u00a0\u00bb34edeb4a-627d-4462-a7f3-f1865e2dfc1c\u00a0\u00bb hover_enabled=\u00a0\u00bb0&Prime; sticky_enabled=\u00a0\u00bb0&Prime;]<\/p>\n<p>RIB (productrice)<\/p>\n<p>[\/et_pb_blurb][\/et_pb_column][et_pb_column type=\u00a0\u00bb2_3&Prime; _builder_version=\u00a0\u00bb4.4.8&Prime;][et_pb_text _builder_version=\u00a0\u00bb4.4.8&Prime;]<\/p>\n<p>Linda est n\u00e9e et a grandi \u00e0 Vankleek Hill. Elle a d\u00e9but\u00e9 sa carri\u00e8re en tant que courtier d&rsquo;assurance enregistr\u00e9 en 1990 et travaille pour Champlain Insurance depuis sa fondation en 1999. Linda poss\u00e8de une richesse de connaissances en assurance et peut vous aider en fran\u00e7ais ou en anglais pour tous vos besoins en assurance.<\/p>\n<h4>Informations de contact<\/h4>\n<p>T\u00e9l\u00e9phone: <a href=\"tel:6136783148\">613-678-3148<\/a><br \/>Courriel: <a href=\"mailto:linda@champlaininsurance.com\">linda@champlaininsurance.com <\/a><\/p>\n<p>[\/et_pb_text][\/et_pb_column][\/et_pb_row][\/et_pb_section]<\/p>\n","protected":false},"excerpt":{"rendered":"<p>RIB (productrice)Linda est n\u00e9e et a grandi \u00e0 Vankleek Hill. Elle a d\u00e9but\u00e9 sa carri\u00e8re en tant que courtier d&rsquo;assurance enregistr\u00e9 en 1990 et travaille pour Champlain Insurance depuis sa fondation en 1999. Linda poss\u00e8de une richesse de connaissances en assurance et peut vous aider en fran\u00e7ais ou en anglais pour tous vos besoins en [&hellip;]<\/p>\n","protected":false},"author":1,"featured_media":0,"parent":3528,"menu_order":0,"comment_status":"closed","ping_status":"closed","template":"","meta":{"_et_pb_use_builder":"on","_et_pb_old_content":"","_et_gb_content_width":"","footnotes":""},"class_list":["post-3555","page","type-page","status-publish","hentry"],"_links":{"self":[{"href":"https:\/\/champlaininsurance.com\/fr\/wp-json\/wp\/v2\/pages\/3555","targetHints":{"allow":["GET"]}}],"collection":[{"href":"https:\/\/champlaininsurance.com\/fr\/wp-json\/wp\/v2\/pages"}],"about":[{"href":"https:\/\/champlaininsurance.com\/fr\/wp-json\/wp\/v2\/types\/page"}],"author":[{"embeddable":true,"href":"https:\/\/champlaininsurance.com\/fr\/wp-json\/wp\/v2\/users\/1"}],"replies":[{"embeddable":true,"href":"https:\/\/champlaininsurance.com\/fr\/wp-json\/wp\/v2\/comments?post=3555"}],"version-history":[{"count":2,"href":"https:\/\/champlaininsurance.com\/fr\/wp-json\/wp\/v2\/pages\/3555\/revisions"}],"predecessor-version":[{"id":3557,"href":"https:\/\/champlaininsurance.com\/fr\/wp-json\/wp\/v2\/pages\/3555\/revisions\/3557"}],"up":[{"embeddable":true,"href":"https:\/\/champlaininsurance.com\/fr\/wp-json\/wp\/v2\/pages\/3528"}],"wp:attachment":[{"href":"https:\/\/champlaininsurance.com\/fr\/wp-json\/wp\/v2\/media?parent=3555"}],"curies":[{"name":"wp","href":"https:\/\/api.w.org\/{rel}","templated":true}]}}