{"id":3567,"date":"2021-06-29T14:50:25","date_gmt":"2021-06-29T18:50:25","guid":{"rendered":"https:\/\/champlaininsurance.com\/notre-equipe\/sebastian-warner\/"},"modified":"2022-11-22T12:44:06","modified_gmt":"2022-11-22T17:44:06","slug":"sebastian-warner","status":"publish","type":"page","link":"https:\/\/champlaininsurance.com\/fr\/notre-equipe\/sebastian-warner\/","title":{"rendered":"Sebastian Warner"},"content":{"rendered":"<p>[et_pb_section fb_built=\u00a0\u00bb1&Prime; _builder_version=\u00a0\u00bb4.16&Prime; custom_padding=\u00a0\u00bb0px||||false|false\u00a0\u00bb global_colors_info=\u00a0\u00bb{}\u00a0\u00bb theme_builder_area=\u00a0\u00bbpost_content\u00a0\u00bb][et_pb_row column_structure=\u00a0\u00bb1_3,2_3&Prime; _builder_version=\u00a0\u00bb4.16&Prime; width=\u00a0\u00bb100%\u00a0\u00bb custom_padding=\u00a0\u00bb0px||||false|false\u00a0\u00bb global_colors_info=\u00a0\u00bb{}\u00a0\u00bb theme_builder_area=\u00a0\u00bbpost_content\u00a0\u00bb][et_pb_column type=\u00a0\u00bb1_3&Prime; _builder_version=\u00a0\u00bb4.16&Prime; global_colors_info=\u00a0\u00bb{}\u00a0\u00bb theme_builder_area=\u00a0\u00bbpost_content\u00a0\u00bb][et_pb_blurb title=\u00a0\u00bbSebastian Warner\u00a0\u00bb image=\u00a0\u00bbhttps:\/\/champlaininsurance.com\/wp-content\/uploads\/2022\/11\/warner-team-Sebastian-2022.jpg\u00a0\u00bb alt=\u00a0\u00bbSebastian Warner Headshot\u00a0\u00bb _builder_version=\u00a0\u00bb4.19.1&Prime; _module_preset=\u00a0\u00bb34edeb4a-627d-4462-a7f3-f1865e2dfc1c\u00a0\u00bb hover_enabled=\u00a0\u00bb0&Prime; global_colors_info=\u00a0\u00bb{}\u00a0\u00bb theme_builder_area=\u00a0\u00bbpost_content\u00a0\u00bb title_text=\u00a0\u00bbwarner-team-Sebastian-2022&Prime; sticky_enabled=\u00a0\u00bb0&Prime;]<\/p>\n<p>B.Sc., RIB (Directeur)<\/p>\n<p>[\/et_pb_blurb][\/et_pb_column][et_pb_column type=\u00a0\u00bb2_3&Prime; _builder_version=\u00a0\u00bb4.16&Prime; global_colors_info=\u00a0\u00bb{}\u00a0\u00bb theme_builder_area=\u00a0\u00bbpost_content\u00a0\u00bb][et_pb_text _builder_version=\u00a0\u00bb4.16&Prime; global_colors_info=\u00a0\u00bb{}\u00a0\u00bb theme_builder_area=\u00a0\u00bbpost_content\u00a0\u00bb]<\/p>\n<p>Warner Insurance a commenc\u00e9 dans la maison familiale lorsque Sebastian avait neuf ans et il a grandi dans l&rsquo;entreprise. Apr\u00e8s avoir obtenu un dipl\u00f4me en physique de l&rsquo;Universit\u00e9 de Western Ontario, Sebastian a pass\u00e9 du temps \u00e0 voyager avant de revenir \u00e0 Cornwall pour travailler avec Warner Insurance en 2009. Il est toujours \u00e0 la recherche de moyens nouveaux et cr\u00e9atifs pour am\u00e9liorer l&rsquo;entreprise et a h\u00e2te de faire partie de la communaut\u00e9 de Cornwall et de la r\u00e9gion pour les ann\u00e9es \u00e0 venir.<\/p>\n<h4>Informations de contact<\/h4>\n<p>T\u00e9l\u00e9phone: <a href=\"tel:6139327210\">613-932-7210<\/a><br \/>Courriel: <a href=\"mailto:sebastian@warnerbrokers.ca\">sebastian@warnerbrokers.ca <\/a><\/p>\n<p>[\/et_pb_text][\/et_pb_column][\/et_pb_row][\/et_pb_section]<\/p>\n","protected":false},"excerpt":{"rendered":"<p>B.Sc., RIB (Directeur)Warner Insurance a commenc\u00e9 dans la maison familiale lorsque Sebastian avait neuf ans et il a grandi dans l&rsquo;entreprise. Apr\u00e8s avoir obtenu un dipl\u00f4me en physique de l&rsquo;Universit\u00e9 de Western Ontario, Sebastian a pass\u00e9 du temps \u00e0 voyager avant de revenir \u00e0 Cornwall pour travailler avec Warner Insurance en 2009. Il est toujours [&hellip;]<\/p>\n","protected":false},"author":1,"featured_media":0,"parent":3528,"menu_order":0,"comment_status":"closed","ping_status":"closed","template":"","meta":{"_et_pb_use_builder":"on","_et_pb_old_content":"","_et_gb_content_width":"","footnotes":""},"class_list":["post-3567","page","type-page","status-publish","hentry"],"_links":{"self":[{"href":"https:\/\/champlaininsurance.com\/fr\/wp-json\/wp\/v2\/pages\/3567","targetHints":{"allow":["GET"]}}],"collection":[{"href":"https:\/\/champlaininsurance.com\/fr\/wp-json\/wp\/v2\/pages"}],"about":[{"href":"https:\/\/champlaininsurance.com\/fr\/wp-json\/wp\/v2\/types\/page"}],"author":[{"embeddable":true,"href":"https:\/\/champlaininsurance.com\/fr\/wp-json\/wp\/v2\/users\/1"}],"replies":[{"embeddable":true,"href":"https:\/\/champlaininsurance.com\/fr\/wp-json\/wp\/v2\/comments?post=3567"}],"version-history":[{"count":4,"href":"https:\/\/champlaininsurance.com\/fr\/wp-json\/wp\/v2\/pages\/3567\/revisions"}],"predecessor-version":[{"id":3936,"href":"https:\/\/champlaininsurance.com\/fr\/wp-json\/wp\/v2\/pages\/3567\/revisions\/3936"}],"up":[{"embeddable":true,"href":"https:\/\/champlaininsurance.com\/fr\/wp-json\/wp\/v2\/pages\/3528"}],"wp:attachment":[{"href":"https:\/\/champlaininsurance.com\/fr\/wp-json\/wp\/v2\/media?parent=3567"}],"curies":[{"name":"wp","href":"https:\/\/api.w.org\/{rel}","templated":true}]}}